{"id":203188,"date":"2011-12-09T19:29:02","date_gmt":"2011-12-09T17:29:02","guid":{"rendered":"https:\/\/www.sma-sunny.com\/impressum\/"},"modified":"2025-09-05T16:23:02","modified_gmt":"2025-09-05T14:23:02","slug":"aviso-legal","status":"publish","type":"page","link":"https:\/\/www.sma-sunny.com\/pt-br\/aviso-legal\/","title":{"rendered":"Aviso legal"},"content":{"rendered":"<p><strong><span data-mce-type=\"bookmark\" style=\"display: inline-block; width: 0px; overflow: hidden; line-height: 0;\" class=\"mce_SELRES_start\">\ufeff<\/span>SMA Solar Technology AG<\/strong><br \/>\nSonnenallee 1<br \/>\n34266 Niestetal<br \/>\nAlemanha<\/p>\n<p>Telefone: +49 561 95 22-0<\/p>\n<p><strong><a href=\"mailto:info@SMA.de\">info@SMA.de<\/a><\/strong><br \/>\n<strong><a href=\"https:\/\/www.sma.de\/\" target=\"_blank\" rel=\"noopener noreferrer\">www.SMA.de<\/a><\/strong><\/p>\n<p><strong>Dire\u00e7\u00e3o:<\/strong><br \/>\nEng. Dr. J\u00fcrgen Reinert (porta-voz da dire\u00e7\u00e3o)<br \/>\nOlaf Heyden<br \/>\nDr. Kaveh Rouhi<\/p>\n<p><strong>Conselho fiscal:<\/strong><\/p>\n<p><strong>Representantes dos acionistas:<\/strong><br \/>\nConstanze Hufenbecher<br \/>\nUwe Kleinkauf (vice-presidente)<br \/>\nDr. Ralph L\u00e4ssig (presidente)<br \/>\nIlonka Nussbaumer<br \/>\nDr. Frank Possel-D\u00f6lken<br \/>\nJan-Henrik Supady<\/p>\n<p><strong>Representantes dos trabalhadores:<\/strong><br \/>\nMartin Breul<br \/>\nOliver Dietzel<br \/>\nRomy Siegert<br \/>\nLidia Thelemann<br \/>\nDr. Matthias Victor<br \/>\nJ\u00f6rg Wienand<\/p>\n<p><strong>Foro de registro:<\/strong><br \/>\nAmtsgericht Kassel<br \/>\nN\u00famero de registro: HRB 3972<br \/>\nN\u00famero do IVA de acordo com \u00a7 27 a da lei sobre o IVA: DE 113 085 954<br \/>\nN.\u00ba reg. WEEE: DE 95881150<\/p>\n<p>Todas as informa\u00e7\u00f5es nas p\u00e1ginas web da SMA s\u00e3o protegidas por direitos autorais. Copiar, processar, alterar e\/ou transmitir essas informa\u00e7\u00f5es de forma onerosa s\u00f3 \u00e9 permitido com expressa autoriza\u00e7\u00e3o por escrito da SMA. Essas informa\u00e7\u00f5es t\u00eam a \u00fanica finalidade de informar voc\u00ea e n\u00e3o cont\u00eam nenhum tipo de garantia ou compromisso vinculativo. Elas est\u00e3o sujeitas ao direito de altera\u00e7\u00e3o a qualquer momento, tanto do ponto de vista t\u00e9cnico quanto comercial, em termos de pre\u00e7o. S\u00f3 podemos fazer afirma\u00e7\u00f5es vinculativas em rela\u00e7\u00e3o a solicita\u00e7\u00f5es concretas. Tendo em vista esse car\u00e1ter n\u00e3o vinculativo, est\u00e1 exclu\u00edda qualquer responsabilidade pela corre\u00e7\u00e3o das informa\u00e7\u00f5es.<\/p>\n<p><strong>Aviso de responsabilidade<\/strong><br \/>\nNas p\u00e1ginas web da SMA, voc\u00ea tamb\u00e9m encontra liga\u00e7\u00f5es (links) para outras p\u00e1ginas web que, em parte, n\u00e3o s\u00e3o operadas pela SMA e sim por terceiros. Esses links s\u00e3o destinados apenas a uma melhor demonstra\u00e7\u00e3o. A SMA n\u00e3o \u00e9 detentora dos conte\u00fados dessas p\u00e1ginas web e tamb\u00e9m n\u00e3o \u00e9 respons\u00e1vel pelos conte\u00fados. Assim como as nossas p\u00e1ginas web, essas p\u00e1ginas externas podem ser protegidas por direitos autorais. A utiliza\u00e7\u00e3o das p\u00e1ginas web da SMA \u00e9 de responsabilidade inteiramente sua. Est\u00e1 exclu\u00edda a responsabilidade da SMA Solar Technology AG por quaisquer danos resultantes da utiliza\u00e7\u00e3o das p\u00e1ginas web, especialmente interrup\u00e7\u00e3o do servi\u00e7o, perda de lucro, perda de informa\u00e7\u00f5es e dados ou danos decorrentes de defeitos, desde que n\u00e3o haja uma responsabilidade obrigat\u00f3ria, por exemplo, de acordo com a lei de responsabilidade pelos produtos ou em casos de intencionalidade, grave neglig\u00eancia, falta de propriedades garantidas ou viola\u00e7\u00e3o de obriga\u00e7\u00f5es contratuais essenciais. No entanto, a indeniza\u00e7\u00e3o devido \u00e0 viola\u00e7\u00e3o de obriga\u00e7\u00f5es contratuais essenciais \u00e9 limitada ao dano t\u00edpico previsto no contrato, desde que n\u00e3o haja intencionalidade ou grave neglig\u00eancia.<\/p>\n<p><strong>\u00c2mbito de aplica\u00e7\u00e3o:<\/strong><br \/>\nAl\u00e9m de valer para o site <a href=\"http:\/\/www.sma.de\">www.sma.de<\/a>, este aviso legal tamb\u00e9m vale para nossa p\u00e1gina <a href=\"https:\/\/www.facebook.com\/SMASolarTechnology\">SMA Solar Technology<\/a> no Facebook, nosso canal no <a href=\"http:\/\/www.youtube.com\/user\/smasolartechnology\" target=\"_blank\" rel=\"noopener\">YouTube<\/a>, nossa presen\u00e7a no <a href=\"http:\/\/www.xing.com\/companies\/smasolartechnologyag\" target=\"_blank\" rel=\"noopener\">XING<\/a> e nosso perfil no <a href=\"http:\/\/www.kununu.com\/de\/all\/de\/ew\/sma-solar-technology\" target=\"_blank\" rel=\"noopener\">kununu<\/a>.<\/p>\n<p><strong>Fotos:<\/strong><br \/>\nphotocase.de<\/p>\n","protected":false},"excerpt":{"rendered":"<p>\ufeffSMA Solar Technology AG Sonnenallee 1 34266 Niestetal Alemanha Telefone: +49 561 95 22-0 info@SMA.de www.SMA.de Dire\u00e7\u00e3o: Eng. Dr. J\u00fcrgen&#8230;<\/p>\n","protected":false},"author":3,"featured_media":0,"parent":0,"menu_order":0,"comment_status":"open","ping_status":"open","template":"","meta":{"_acf_changed":false,"footnotes":""},"class_list":["post-203188","page","type-page","status-publish","hentry"],"acf":[],"yoast_head":"<!-- This site is optimized with the Yoast SEO plugin v23.9 - https:\/\/yoast.com\/wordpress\/plugins\/seo\/ -->\n<title>Aviso legal - Sunny. SMA Corporate Blog<\/title>\n<meta name=\"robots\" content=\"index, follow, max-snippet:-1, max-image-preview:large, max-video-preview:-1\" \/>\n<link rel=\"canonical\" href=\"https:\/\/www.sma-sunny.com\/pt-br\/aviso-legal\/\" \/>\n<meta property=\"og:locale\" content=\"pt_BR\" \/>\n<meta property=\"og:type\" content=\"article\" \/>\n<meta property=\"og:title\" content=\"Aviso legal - Sunny. SMA Corporate Blog\" \/>\n<meta property=\"og:description\" content=\"\ufeffSMA Solar Technology AG Sonnenallee 1 34266 Niestetal Alemanha Telefone: +49 561 95 22-0 info@SMA.de www.SMA.de Dire\u00e7\u00e3o: Eng. Dr. J\u00fcrgen...\" \/>\n<meta property=\"og:url\" content=\"https:\/\/www.sma-sunny.com\/pt-br\/aviso-legal\/\" \/>\n<meta property=\"og:site_name\" content=\"Sunny. SMA Corporate Blog\" \/>\n<meta property=\"article:publisher\" content=\"https:\/\/facebook.com\/SMASolarTechnology\" \/>\n<meta property=\"article:modified_time\" content=\"2025-09-05T14:23:02+00:00\" \/>\n<meta name=\"twitter:card\" content=\"summary_large_image\" \/>\n<meta name=\"twitter:site\" content=\"@SMAsolar\" \/>\n<meta name=\"twitter:label1\" content=\"Est. tempo de leitura\" \/>\n\t<meta name=\"twitter:data1\" content=\"3 minutos\" \/>\n<script type=\"application\/ld+json\" class=\"yoast-schema-graph\">{\"@context\":\"https:\/\/schema.org\",\"@graph\":[{\"@type\":\"WebPage\",\"@id\":\"https:\/\/www.sma-sunny.com\/pt-br\/aviso-legal\/\",\"url\":\"https:\/\/www.sma-sunny.com\/pt-br\/aviso-legal\/\",\"name\":\"Aviso legal - Sunny. SMA Corporate Blog\",\"isPartOf\":{\"@id\":\"https:\/\/www.sma-sunny.com\/pt-br\/#website\"},\"datePublished\":\"2011-12-09T17:29:02+00:00\",\"dateModified\":\"2025-09-05T14:23:02+00:00\",\"breadcrumb\":{\"@id\":\"https:\/\/www.sma-sunny.com\/pt-br\/aviso-legal\/#breadcrumb\"},\"inLanguage\":\"pt-BR\",\"potentialAction\":[{\"@type\":\"ReadAction\",\"target\":[\"https:\/\/www.sma-sunny.com\/pt-br\/aviso-legal\/\"]}]},{\"@type\":\"BreadcrumbList\",\"@id\":\"https:\/\/www.sma-sunny.com\/pt-br\/aviso-legal\/#breadcrumb\",\"itemListElement\":[{\"@type\":\"ListItem\",\"position\":1,\"name\":\"Startseite\",\"item\":\"https:\/\/www.sma-sunny.com\/pt-br\/\"},{\"@type\":\"ListItem\",\"position\":2,\"name\":\"Aviso legal\"}]},{\"@type\":\"WebSite\",\"@id\":\"https:\/\/www.sma-sunny.com\/pt-br\/#website\",\"url\":\"https:\/\/www.sma-sunny.com\/pt-br\/\",\"name\":\"Sunny. SMA Corporate Blog\",\"description\":\"\",\"potentialAction\":[{\"@type\":\"SearchAction\",\"target\":{\"@type\":\"EntryPoint\",\"urlTemplate\":\"https:\/\/www.sma-sunny.com\/pt-br\/?s={search_term_string}\"},\"query-input\":{\"@type\":\"PropertyValueSpecification\",\"valueRequired\":true,\"valueName\":\"search_term_string\"}}],\"inLanguage\":\"pt-BR\"}]}<\/script>\n<!-- \/ Yoast SEO plugin. -->","yoast_head_json":{"title":"Aviso legal - Sunny. SMA Corporate Blog","robots":{"index":"index","follow":"follow","max-snippet":"max-snippet:-1","max-image-preview":"max-image-preview:large","max-video-preview":"max-video-preview:-1"},"canonical":"https:\/\/www.sma-sunny.com\/pt-br\/aviso-legal\/","og_locale":"pt_BR","og_type":"article","og_title":"Aviso legal - Sunny. SMA Corporate Blog","og_description":"\ufeffSMA Solar Technology AG Sonnenallee 1 34266 Niestetal Alemanha Telefone: +49 561 95 22-0 info@SMA.de www.SMA.de Dire\u00e7\u00e3o: Eng. Dr. J\u00fcrgen...","og_url":"https:\/\/www.sma-sunny.com\/pt-br\/aviso-legal\/","og_site_name":"Sunny. SMA Corporate Blog","article_publisher":"https:\/\/facebook.com\/SMASolarTechnology","article_modified_time":"2025-09-05T14:23:02+00:00","twitter_card":"summary_large_image","twitter_site":"@SMAsolar","twitter_misc":{"Est. tempo de leitura":"3 minutos"},"schema":{"@context":"https:\/\/schema.org","@graph":[{"@type":"WebPage","@id":"https:\/\/www.sma-sunny.com\/pt-br\/aviso-legal\/","url":"https:\/\/www.sma-sunny.com\/pt-br\/aviso-legal\/","name":"Aviso legal - Sunny. SMA Corporate Blog","isPartOf":{"@id":"https:\/\/www.sma-sunny.com\/pt-br\/#website"},"datePublished":"2011-12-09T17:29:02+00:00","dateModified":"2025-09-05T14:23:02+00:00","breadcrumb":{"@id":"https:\/\/www.sma-sunny.com\/pt-br\/aviso-legal\/#breadcrumb"},"inLanguage":"pt-BR","potentialAction":[{"@type":"ReadAction","target":["https:\/\/www.sma-sunny.com\/pt-br\/aviso-legal\/"]}]},{"@type":"BreadcrumbList","@id":"https:\/\/www.sma-sunny.com\/pt-br\/aviso-legal\/#breadcrumb","itemListElement":[{"@type":"ListItem","position":1,"name":"Startseite","item":"https:\/\/www.sma-sunny.com\/pt-br\/"},{"@type":"ListItem","position":2,"name":"Aviso legal"}]},{"@type":"WebSite","@id":"https:\/\/www.sma-sunny.com\/pt-br\/#website","url":"https:\/\/www.sma-sunny.com\/pt-br\/","name":"Sunny. SMA Corporate Blog","description":"","potentialAction":[{"@type":"SearchAction","target":{"@type":"EntryPoint","urlTemplate":"https:\/\/www.sma-sunny.com\/pt-br\/?s={search_term_string}"},"query-input":{"@type":"PropertyValueSpecification","valueRequired":true,"valueName":"search_term_string"}}],"inLanguage":"pt-BR"}]}},"_links":{"self":[{"href":"https:\/\/www.sma-sunny.com\/pt-br\/wp-json\/wp\/v2\/pages\/203188","targetHints":{"allow":["GET"]}}],"collection":[{"href":"https:\/\/www.sma-sunny.com\/pt-br\/wp-json\/wp\/v2\/pages"}],"about":[{"href":"https:\/\/www.sma-sunny.com\/pt-br\/wp-json\/wp\/v2\/types\/page"}],"author":[{"embeddable":true,"href":"https:\/\/www.sma-sunny.com\/pt-br\/wp-json\/wp\/v2\/users\/3"}],"replies":[{"embeddable":true,"href":"https:\/\/www.sma-sunny.com\/pt-br\/wp-json\/wp\/v2\/comments?post=203188"}],"version-history":[{"count":0,"href":"https:\/\/www.sma-sunny.com\/pt-br\/wp-json\/wp\/v2\/pages\/203188\/revisions"}],"wp:attachment":[{"href":"https:\/\/www.sma-sunny.com\/pt-br\/wp-json\/wp\/v2\/media?parent=203188"}],"curies":[{"name":"wp","href":"https:\/\/api.w.org\/{rel}","templated":true}]}}