{"id":131094,"date":"2018-02-13T11:14:37","date_gmt":"2018-02-13T10:14:37","guid":{"rendered":"https:\/\/www.sma-sunny.com\/blog-rules\/"},"modified":"2023-03-29T09:18:09","modified_gmt":"2023-03-29T07:18:09","slug":"regras-do-blog","status":"publish","type":"page","link":"https:\/\/www.sma-sunny.com\/pt-br\/regras-do-blog\/","title":{"rendered":"Regras do blog"},"content":{"rendered":"<p>O blog da nossa empresa, Sunny, n\u00e3o vive apenas dos nossos artigos mas tamb\u00e9m do di\u00e1logo com os nossos leitores. Adoramos ler os coment\u00e1rios de voc\u00eas! Para criarmos uma atmosfera de comunica\u00e7\u00e3o agrad\u00e1vel, pedimos que sigam as regras a seguir.<\/p>\n<p><strong>Etiqueta<\/strong><\/p>\n<p>Escrevam seus coment\u00e1rios em um tom cordial e respeitoso. As postagens devem ser receptivas, construtivas e tolerantes em rela\u00e7\u00e3o aos outros usu\u00e1rios. N\u00f3s nos reservamos o direito de excluir postagens como spam, propaganda, ofensas, infra\u00e7\u00f5es legais e afirma\u00e7\u00f5es prejudiciais a menores.<\/p>\n<p>Por motivos de legibilidade, optamos por n\u00e3o mencionar expressamente os dois g\u00eaneros em nossos textos. A forma masculina \u00e9 utilizada como sin\u00f4nima \u00e0 forma feminina.<\/p>\n<p><strong>Isen\u00e7\u00e3o de responsabilidade<\/strong><\/p>\n<p>Todos os coment\u00e1rios que s\u00e3o postados pelos nossos leitores sobre os artigos do blog n\u00e3o condizem automaticamente com a opini\u00e3o da SMA. Quando s\u00e3o indicados links para p\u00e1ginas web externas nos coment\u00e1rios, a SMA n\u00e3o se responsabiliza pelos seus conte\u00fados nem pela sua integridade. A SMA reserva-se o direito de remover links que sejam relevantes \u00e0 legisla\u00e7\u00e3o criminal ou de responsabilidade ou que violem a netiqueta. No entanto, n\u00e3o \u00e9 poss\u00edvel realizarmos uma verifica\u00e7\u00e3o completa de todos os conte\u00fados.<\/p>\n<p>Equipe do blog SMA<\/p>\n","protected":false},"excerpt":{"rendered":"<p>O blog da nossa empresa, Sunny, n\u00e3o vive apenas dos nossos artigos mas tamb\u00e9m do di\u00e1logo com os nossos leitores&#8230;.<\/p>\n","protected":false},"author":56,"featured_media":0,"parent":0,"menu_order":0,"comment_status":"open","ping_status":"open","template":"","meta":{"_acf_changed":false,"footnotes":""},"class_list":["post-131094","page","type-page","status-publish","hentry"],"acf":[],"yoast_head":"<!-- This site is optimized with the Yoast SEO plugin v23.9 - https:\/\/yoast.com\/wordpress\/plugins\/seo\/ -->\n<title>Regras do blog - Sunny. SMA Corporate Blog<\/title>\n<meta name=\"robots\" content=\"index, follow, max-snippet:-1, max-image-preview:large, max-video-preview:-1\" \/>\n<link rel=\"canonical\" href=\"https:\/\/www.sma-sunny.com\/pt-br\/regras-do-blog\/\" \/>\n<meta property=\"og:locale\" content=\"pt_BR\" \/>\n<meta property=\"og:type\" content=\"article\" \/>\n<meta property=\"og:title\" content=\"Regras do blog - Sunny. SMA Corporate Blog\" \/>\n<meta property=\"og:description\" content=\"O blog da nossa empresa, Sunny, n\u00e3o vive apenas dos nossos artigos mas tamb\u00e9m do di\u00e1logo com os nossos leitores....\" \/>\n<meta property=\"og:url\" content=\"https:\/\/www.sma-sunny.com\/pt-br\/regras-do-blog\/\" \/>\n<meta property=\"og:site_name\" content=\"Sunny. SMA Corporate Blog\" \/>\n<meta property=\"article:publisher\" content=\"https:\/\/facebook.com\/SMASolarTechnology\" \/>\n<meta property=\"article:modified_time\" content=\"2023-03-29T07:18:09+00:00\" \/>\n<meta name=\"twitter:card\" content=\"summary_large_image\" \/>\n<meta name=\"twitter:site\" content=\"@SMAsolar\" \/>\n<meta name=\"twitter:label1\" content=\"Est. tempo de leitura\" \/>\n\t<meta name=\"twitter:data1\" content=\"2 minutos\" \/>\n<script type=\"application\/ld+json\" class=\"yoast-schema-graph\">{\"@context\":\"https:\/\/schema.org\",\"@graph\":[{\"@type\":\"WebPage\",\"@id\":\"https:\/\/www.sma-sunny.com\/pt-br\/regras-do-blog\/\",\"url\":\"https:\/\/www.sma-sunny.com\/pt-br\/regras-do-blog\/\",\"name\":\"Regras do blog - Sunny. SMA Corporate Blog\",\"isPartOf\":{\"@id\":\"https:\/\/www.sma-sunny.com\/pt-br\/#website\"},\"datePublished\":\"2018-02-13T10:14:37+00:00\",\"dateModified\":\"2023-03-29T07:18:09+00:00\",\"breadcrumb\":{\"@id\":\"https:\/\/www.sma-sunny.com\/pt-br\/regras-do-blog\/#breadcrumb\"},\"inLanguage\":\"pt-BR\",\"potentialAction\":[{\"@type\":\"ReadAction\",\"target\":[\"https:\/\/www.sma-sunny.com\/pt-br\/regras-do-blog\/\"]}]},{\"@type\":\"BreadcrumbList\",\"@id\":\"https:\/\/www.sma-sunny.com\/pt-br\/regras-do-blog\/#breadcrumb\",\"itemListElement\":[{\"@type\":\"ListItem\",\"position\":1,\"name\":\"Startseite\",\"item\":\"https:\/\/www.sma-sunny.com\/pt-br\/\"},{\"@type\":\"ListItem\",\"position\":2,\"name\":\"Regras do blog\"}]},{\"@type\":\"WebSite\",\"@id\":\"https:\/\/www.sma-sunny.com\/pt-br\/#website\",\"url\":\"https:\/\/www.sma-sunny.com\/pt-br\/\",\"name\":\"Sunny. SMA Corporate Blog\",\"description\":\"\",\"potentialAction\":[{\"@type\":\"SearchAction\",\"target\":{\"@type\":\"EntryPoint\",\"urlTemplate\":\"https:\/\/www.sma-sunny.com\/pt-br\/?s={search_term_string}\"},\"query-input\":{\"@type\":\"PropertyValueSpecification\",\"valueRequired\":true,\"valueName\":\"search_term_string\"}}],\"inLanguage\":\"pt-BR\"}]}<\/script>\n<!-- \/ Yoast SEO plugin. -->","yoast_head_json":{"title":"Regras do blog - Sunny. SMA Corporate Blog","robots":{"index":"index","follow":"follow","max-snippet":"max-snippet:-1","max-image-preview":"max-image-preview:large","max-video-preview":"max-video-preview:-1"},"canonical":"https:\/\/www.sma-sunny.com\/pt-br\/regras-do-blog\/","og_locale":"pt_BR","og_type":"article","og_title":"Regras do blog - Sunny. SMA Corporate Blog","og_description":"O blog da nossa empresa, Sunny, n\u00e3o vive apenas dos nossos artigos mas tamb\u00e9m do di\u00e1logo com os nossos leitores....","og_url":"https:\/\/www.sma-sunny.com\/pt-br\/regras-do-blog\/","og_site_name":"Sunny. SMA Corporate Blog","article_publisher":"https:\/\/facebook.com\/SMASolarTechnology","article_modified_time":"2023-03-29T07:18:09+00:00","twitter_card":"summary_large_image","twitter_site":"@SMAsolar","twitter_misc":{"Est. tempo de leitura":"2 minutos"},"schema":{"@context":"https:\/\/schema.org","@graph":[{"@type":"WebPage","@id":"https:\/\/www.sma-sunny.com\/pt-br\/regras-do-blog\/","url":"https:\/\/www.sma-sunny.com\/pt-br\/regras-do-blog\/","name":"Regras do blog - Sunny. SMA Corporate Blog","isPartOf":{"@id":"https:\/\/www.sma-sunny.com\/pt-br\/#website"},"datePublished":"2018-02-13T10:14:37+00:00","dateModified":"2023-03-29T07:18:09+00:00","breadcrumb":{"@id":"https:\/\/www.sma-sunny.com\/pt-br\/regras-do-blog\/#breadcrumb"},"inLanguage":"pt-BR","potentialAction":[{"@type":"ReadAction","target":["https:\/\/www.sma-sunny.com\/pt-br\/regras-do-blog\/"]}]},{"@type":"BreadcrumbList","@id":"https:\/\/www.sma-sunny.com\/pt-br\/regras-do-blog\/#breadcrumb","itemListElement":[{"@type":"ListItem","position":1,"name":"Startseite","item":"https:\/\/www.sma-sunny.com\/pt-br\/"},{"@type":"ListItem","position":2,"name":"Regras do blog"}]},{"@type":"WebSite","@id":"https:\/\/www.sma-sunny.com\/pt-br\/#website","url":"https:\/\/www.sma-sunny.com\/pt-br\/","name":"Sunny. SMA Corporate Blog","description":"","potentialAction":[{"@type":"SearchAction","target":{"@type":"EntryPoint","urlTemplate":"https:\/\/www.sma-sunny.com\/pt-br\/?s={search_term_string}"},"query-input":{"@type":"PropertyValueSpecification","valueRequired":true,"valueName":"search_term_string"}}],"inLanguage":"pt-BR"}]}},"_links":{"self":[{"href":"https:\/\/www.sma-sunny.com\/pt-br\/wp-json\/wp\/v2\/pages\/131094","targetHints":{"allow":["GET"]}}],"collection":[{"href":"https:\/\/www.sma-sunny.com\/pt-br\/wp-json\/wp\/v2\/pages"}],"about":[{"href":"https:\/\/www.sma-sunny.com\/pt-br\/wp-json\/wp\/v2\/types\/page"}],"author":[{"embeddable":true,"href":"https:\/\/www.sma-sunny.com\/pt-br\/wp-json\/wp\/v2\/users\/56"}],"replies":[{"embeddable":true,"href":"https:\/\/www.sma-sunny.com\/pt-br\/wp-json\/wp\/v2\/comments?post=131094"}],"version-history":[{"count":0,"href":"https:\/\/www.sma-sunny.com\/pt-br\/wp-json\/wp\/v2\/pages\/131094\/revisions"}],"wp:attachment":[{"href":"https:\/\/www.sma-sunny.com\/pt-br\/wp-json\/wp\/v2\/media?parent=131094"}],"curies":[{"name":"wp","href":"https:\/\/api.w.org\/{rel}","templated":true}]}}