{"id":131087,"date":"2018-05-08T09:59:04","date_gmt":"2018-05-08T07:59:04","guid":{"rendered":"https:\/\/www.sma-sunny.com\/technical-support-on-the-blog\/"},"modified":"2023-03-29T10:03:37","modified_gmt":"2023-03-29T08:03:37","slug":"ajuda-tecnica-no-blog","status":"publish","type":"page","link":"https:\/\/www.sma-sunny.com\/pt-br\/ajuda-tecnica-no-blog\/","title":{"rendered":"Ajuda t\u00e9cnica no blog"},"content":{"rendered":"<h2>Ajuda para usu\u00e1rios<\/h2>\n<p>Caro cliente da SMA,<\/p>\n<p>obrigado por utilizar um produto da SMA. A qualidade dos produtos tem m\u00e1xima prioridade para n\u00f3s, por isso os equipamentos SMA possuem uma vida \u00fatil especialmente longa. Na qualidade de empresa industrial, n\u00f3s fornecemos nossos produtos ao com\u00e9rcio atacadista, que repassa a nossa tecnologia de sistemas ao instalador. O instalador monta os diferentes componentes do seu sistema solar personalizado e \u00e9 respons\u00e1vel pela coloca\u00e7\u00e3o em opera\u00e7\u00e3o.<\/p>\n<p>Por isso, o melhor \u00e9 voc\u00ea procurar diretamente o seu instalador em caso de problemas t\u00e9cnicos com o seu sistema. Conhecendo melhor o design espec\u00edfico do seu sistema e as condi\u00e7\u00f5es locais, ele certamente poder\u00e1 lhe ajudar. Caso o seu instalador n\u00e3o exista mais, temos aqui uma lista com parceiros especializados em sistemas solares da SMA dispon\u00edveis na sua regi\u00e3o, que receberam treinamento especial sobre os nossos produtos.<\/p>\n<p>Voc\u00ea est\u00e1 com problema para integrar o seu inversor solar na sua rede residencial? Ent\u00e3o procure um t\u00e9cnico em computa\u00e7\u00e3o.<\/p>\n<p>Pedimos a sua compreens\u00e3o por n\u00e3o podermos responder perguntas t\u00e9cnicas espec\u00edficas sobre o seu sistema fotovoltaico aqui na \u00e1rea de m\u00eddia social.<\/p>\n<p>Para falar sobre os seguintes temas, voc\u00ea pode procurar o nosso Contact Center:<\/p>\n<ul>\n<li>ajuste de pico no Sunny Portal,<\/li>\n<li>atribui\u00e7\u00e3o de direitos de admin no Sunny Portal e<\/li>\n<li>avisos indicadores de um perigo proveniente do inversor<\/li>\n<\/ul>\n<p>Basta fazer sua pergunta no Online Service Center. Entraremos ent\u00e3o rapidamente em contato com voc\u00ea.<\/p>\n<p>Muito obrigado.<\/p>\n<h2>Ajuda para instaladores<\/h2>\n<p>Por motivos de seguran\u00e7a, os servi\u00e7os no inversor s\u00f3 podem ser realizados por especialistas! Voc\u00ea \u00e9 instalador el\u00e9trico e tem d\u00favidas t\u00e9cnicas sobre a instala\u00e7\u00e3o e coloca\u00e7\u00e3o em opera\u00e7\u00e3o? Ent\u00e3o entre em contato com nossos colegas do Contact Center.<\/p>\n<p><a href=\"https:\/\/www.sma-brasil.com\/service-e-suporte\/vista-general.html#c450751\">https:\/\/www.sma-brasil.com\/service-e-suporte\/vista-general.html<\/a><\/p>\n<p>&nbsp;<\/p>\n<p>&nbsp;<\/p>\n","protected":false},"excerpt":{"rendered":"<p>Ajuda para usu\u00e1rios Caro cliente da SMA, obrigado por utilizar um produto da SMA. A qualidade dos produtos tem m\u00e1xima&#8230;<\/p>\n","protected":false},"author":56,"featured_media":0,"parent":0,"menu_order":0,"comment_status":"closed","ping_status":"closed","template":"","meta":{"_acf_changed":false,"footnotes":""},"class_list":["post-131087","page","type-page","status-publish","hentry"],"acf":[],"yoast_head":"<!-- This site is optimized with the Yoast SEO plugin v23.9 - https:\/\/yoast.com\/wordpress\/plugins\/seo\/ -->\n<title>Ajuda t\u00e9cnica no blog - Sunny. SMA Corporate Blog<\/title>\n<meta name=\"robots\" content=\"index, follow, max-snippet:-1, max-image-preview:large, max-video-preview:-1\" \/>\n<link rel=\"canonical\" href=\"https:\/\/www.sma-sunny.com\/pt-br\/ajuda-tecnica-no-blog\/\" \/>\n<meta property=\"og:locale\" content=\"pt_BR\" \/>\n<meta property=\"og:type\" content=\"article\" \/>\n<meta property=\"og:title\" content=\"Ajuda t\u00e9cnica no blog - Sunny. SMA Corporate Blog\" \/>\n<meta property=\"og:description\" content=\"Ajuda para usu\u00e1rios Caro cliente da SMA, obrigado por utilizar um produto da SMA. A qualidade dos produtos tem m\u00e1xima...\" \/>\n<meta property=\"og:url\" content=\"https:\/\/www.sma-sunny.com\/pt-br\/ajuda-tecnica-no-blog\/\" \/>\n<meta property=\"og:site_name\" content=\"Sunny. SMA Corporate Blog\" \/>\n<meta property=\"article:publisher\" content=\"https:\/\/facebook.com\/SMASolarTechnology\" \/>\n<meta property=\"article:modified_time\" content=\"2023-03-29T08:03:37+00:00\" \/>\n<meta name=\"twitter:card\" content=\"summary_large_image\" \/>\n<meta name=\"twitter:site\" content=\"@SMAsolar\" \/>\n<meta name=\"twitter:label1\" content=\"Est. tempo de leitura\" \/>\n\t<meta name=\"twitter:data1\" content=\"2 minutos\" \/>\n<script type=\"application\/ld+json\" class=\"yoast-schema-graph\">{\"@context\":\"https:\/\/schema.org\",\"@graph\":[{\"@type\":\"WebPage\",\"@id\":\"https:\/\/www.sma-sunny.com\/pt-br\/ajuda-tecnica-no-blog\/\",\"url\":\"https:\/\/www.sma-sunny.com\/pt-br\/ajuda-tecnica-no-blog\/\",\"name\":\"Ajuda t\u00e9cnica no blog - Sunny. SMA Corporate Blog\",\"isPartOf\":{\"@id\":\"https:\/\/www.sma-sunny.com\/pt-br\/#website\"},\"datePublished\":\"2018-05-08T07:59:04+00:00\",\"dateModified\":\"2023-03-29T08:03:37+00:00\",\"breadcrumb\":{\"@id\":\"https:\/\/www.sma-sunny.com\/pt-br\/ajuda-tecnica-no-blog\/#breadcrumb\"},\"inLanguage\":\"pt-BR\",\"potentialAction\":[{\"@type\":\"ReadAction\",\"target\":[\"https:\/\/www.sma-sunny.com\/pt-br\/ajuda-tecnica-no-blog\/\"]}]},{\"@type\":\"BreadcrumbList\",\"@id\":\"https:\/\/www.sma-sunny.com\/pt-br\/ajuda-tecnica-no-blog\/#breadcrumb\",\"itemListElement\":[{\"@type\":\"ListItem\",\"position\":1,\"name\":\"Startseite\",\"item\":\"https:\/\/www.sma-sunny.com\/pt-br\/\"},{\"@type\":\"ListItem\",\"position\":2,\"name\":\"Ajuda t\u00e9cnica no blog\"}]},{\"@type\":\"WebSite\",\"@id\":\"https:\/\/www.sma-sunny.com\/pt-br\/#website\",\"url\":\"https:\/\/www.sma-sunny.com\/pt-br\/\",\"name\":\"Sunny. SMA Corporate Blog\",\"description\":\"\",\"potentialAction\":[{\"@type\":\"SearchAction\",\"target\":{\"@type\":\"EntryPoint\",\"urlTemplate\":\"https:\/\/www.sma-sunny.com\/pt-br\/?s={search_term_string}\"},\"query-input\":{\"@type\":\"PropertyValueSpecification\",\"valueRequired\":true,\"valueName\":\"search_term_string\"}}],\"inLanguage\":\"pt-BR\"}]}<\/script>\n<!-- \/ Yoast SEO plugin. -->","yoast_head_json":{"title":"Ajuda t\u00e9cnica no blog - Sunny. SMA Corporate Blog","robots":{"index":"index","follow":"follow","max-snippet":"max-snippet:-1","max-image-preview":"max-image-preview:large","max-video-preview":"max-video-preview:-1"},"canonical":"https:\/\/www.sma-sunny.com\/pt-br\/ajuda-tecnica-no-blog\/","og_locale":"pt_BR","og_type":"article","og_title":"Ajuda t\u00e9cnica no blog - Sunny. SMA Corporate Blog","og_description":"Ajuda para usu\u00e1rios Caro cliente da SMA, obrigado por utilizar um produto da SMA. A qualidade dos produtos tem m\u00e1xima...","og_url":"https:\/\/www.sma-sunny.com\/pt-br\/ajuda-tecnica-no-blog\/","og_site_name":"Sunny. SMA Corporate Blog","article_publisher":"https:\/\/facebook.com\/SMASolarTechnology","article_modified_time":"2023-03-29T08:03:37+00:00","twitter_card":"summary_large_image","twitter_site":"@SMAsolar","twitter_misc":{"Est. tempo de leitura":"2 minutos"},"schema":{"@context":"https:\/\/schema.org","@graph":[{"@type":"WebPage","@id":"https:\/\/www.sma-sunny.com\/pt-br\/ajuda-tecnica-no-blog\/","url":"https:\/\/www.sma-sunny.com\/pt-br\/ajuda-tecnica-no-blog\/","name":"Ajuda t\u00e9cnica no blog - Sunny. SMA Corporate Blog","isPartOf":{"@id":"https:\/\/www.sma-sunny.com\/pt-br\/#website"},"datePublished":"2018-05-08T07:59:04+00:00","dateModified":"2023-03-29T08:03:37+00:00","breadcrumb":{"@id":"https:\/\/www.sma-sunny.com\/pt-br\/ajuda-tecnica-no-blog\/#breadcrumb"},"inLanguage":"pt-BR","potentialAction":[{"@type":"ReadAction","target":["https:\/\/www.sma-sunny.com\/pt-br\/ajuda-tecnica-no-blog\/"]}]},{"@type":"BreadcrumbList","@id":"https:\/\/www.sma-sunny.com\/pt-br\/ajuda-tecnica-no-blog\/#breadcrumb","itemListElement":[{"@type":"ListItem","position":1,"name":"Startseite","item":"https:\/\/www.sma-sunny.com\/pt-br\/"},{"@type":"ListItem","position":2,"name":"Ajuda t\u00e9cnica no blog"}]},{"@type":"WebSite","@id":"https:\/\/www.sma-sunny.com\/pt-br\/#website","url":"https:\/\/www.sma-sunny.com\/pt-br\/","name":"Sunny. SMA Corporate Blog","description":"","potentialAction":[{"@type":"SearchAction","target":{"@type":"EntryPoint","urlTemplate":"https:\/\/www.sma-sunny.com\/pt-br\/?s={search_term_string}"},"query-input":{"@type":"PropertyValueSpecification","valueRequired":true,"valueName":"search_term_string"}}],"inLanguage":"pt-BR"}]}},"_links":{"self":[{"href":"https:\/\/www.sma-sunny.com\/pt-br\/wp-json\/wp\/v2\/pages\/131087","targetHints":{"allow":["GET"]}}],"collection":[{"href":"https:\/\/www.sma-sunny.com\/pt-br\/wp-json\/wp\/v2\/pages"}],"about":[{"href":"https:\/\/www.sma-sunny.com\/pt-br\/wp-json\/wp\/v2\/types\/page"}],"author":[{"embeddable":true,"href":"https:\/\/www.sma-sunny.com\/pt-br\/wp-json\/wp\/v2\/users\/56"}],"replies":[{"embeddable":true,"href":"https:\/\/www.sma-sunny.com\/pt-br\/wp-json\/wp\/v2\/comments?post=131087"}],"version-history":[{"count":0,"href":"https:\/\/www.sma-sunny.com\/pt-br\/wp-json\/wp\/v2\/pages\/131087\/revisions"}],"wp:attachment":[{"href":"https:\/\/www.sma-sunny.com\/pt-br\/wp-json\/wp\/v2\/media?parent=131087"}],"curies":[{"name":"wp","href":"https:\/\/api.w.org\/{rel}","templated":true}]}}