{"id":131083,"date":"2018-02-13T10:16:07","date_gmt":"2018-02-13T09:16:07","guid":{"rendered":"https:\/\/www.sma-sunny.com\/about-this-blog\/"},"modified":"2023-04-11T09:47:44","modified_gmt":"2023-04-11T07:47:44","slug":"sobre-este-blog","status":"publish","type":"page","link":"https:\/\/www.sma-sunny.com\/pt-br\/sobre-este-blog\/","title":{"rendered":"Sobre este blog"},"content":{"rendered":"<p>Bem-vindo ao SUNNY &#8211; o blog empresarial da SMA!<\/p>\n<p><strong>Que temas s\u00e3o abordados?<\/strong><\/p>\n<p>O nosso blog SUNNY abrange diversos assuntos como a digitaliza\u00e7\u00e3o, a Smart Home, a gest\u00e3o energ\u00e9tica e a combina\u00e7\u00e3o da tecnologia de sistema SMA com diferentes tecnologias de armazenamento. Al\u00e9m disso, fornecemos informa\u00e7\u00f5es muito \u00fateis sobre a nossa empresa, com dicas e sugest\u00f5es sobre os produtos e o portf\u00f3lio de solu\u00e7\u00f5es da SMA. Mostramos a nossa posi\u00e7\u00e3o acerca das quest\u00f5es energ\u00e9ticas atuais e tamb\u00e9m queremos contar com a participa\u00e7\u00e3o dos nossos leitores. Por isso, n\u00e3o hesite em enviar-nos o seu feedback, quest\u00f5es e coment\u00e1rios.<\/p>\n<p>Se tiver interesse num assunto espec\u00edfico, envie um e-mail para <a href=\"mailto:marketing.brasil@sma.de\">marketing.brasil@sma.de<\/a>.<\/p>\n<p><strong>Quem s\u00e3o os autores?<\/strong><\/p>\n<p>Os artigos deste blog s\u00e3o escritos por pessoas reais que trabalham na SMA.<\/p>\n<p>Ocupamos diversas posi\u00e7\u00f5es em diferentes \u00e1reas da empresa. Al\u00e9m disso, muitos membros da dire\u00e7\u00e3o oferecem as suas opini\u00f5es acerca de determinados assuntos. Para enriquecer o debate, especialistas das \u00e1reas de ci\u00eancia, investiga\u00e7\u00e3o e ind\u00fastria, bem como blogueiros do setor energ\u00e9tico tamb\u00e9m contribuem com artigos para o nosso blog.<\/p>\n<p><strong>Por que se chama SUNNY?<\/strong><\/p>\n<p>Todos os nomes da nossa fam\u00edlia de produtos &#8211; Sunny Boy, Sunny Tripower, Sunny Central &#8211; cont\u00eam a palavra &#8220;sunny&#8221;. O nosso blog n\u00e3o aborda s\u00f3 quest\u00f5es relacionadas com os nossos produtos e solu\u00e7\u00f5es de sistema. Antes de mais nada, enfatiza a import\u00e2ncia da energia fotovoltaica na transi\u00e7\u00e3o para um fornecimento energ\u00e9tico descentralizado, confi\u00e1vel e eficiente em termos de recursos. Por isso, o nome do blog foi a escolha \u00f3bvia. Por\u00e9m, \u00e9 claro que nem todos os assuntos abordados s\u00e3o alegres e radiantes como o sol. Tamb\u00e9m h\u00e1 quest\u00f5es cr\u00edticas e controversas. Mas \u00e9 isso o que torna t\u00e3o interessante.<\/p>\n<p>Esperamos que goste dos artigos contemplados.<br \/>\nEquipe do blog da SMA<\/p>\n","protected":false},"excerpt":{"rendered":"<p>Bem-vindo ao SUNNY &#8211; o blog empresarial da SMA! Que temas s\u00e3o abordados? O nosso blog SUNNY abrange diversos assuntos&#8230;<\/p>\n","protected":false},"author":56,"featured_media":0,"parent":0,"menu_order":0,"comment_status":"open","ping_status":"open","template":"","meta":{"_acf_changed":false,"footnotes":""},"class_list":["post-131083","page","type-page","status-publish","hentry"],"acf":[],"yoast_head":"<!-- This site is optimized with the Yoast SEO plugin v23.9 - https:\/\/yoast.com\/wordpress\/plugins\/seo\/ -->\n<title>Sobre este blog - Sunny. SMA Corporate Blog<\/title>\n<meta name=\"robots\" content=\"index, follow, max-snippet:-1, max-image-preview:large, max-video-preview:-1\" \/>\n<link rel=\"canonical\" href=\"https:\/\/www.sma-sunny.com\/pt-br\/sobre-este-blog\/\" \/>\n<meta property=\"og:locale\" content=\"pt_BR\" \/>\n<meta property=\"og:type\" content=\"article\" \/>\n<meta property=\"og:title\" content=\"Sobre este blog - Sunny. SMA Corporate Blog\" \/>\n<meta property=\"og:description\" content=\"Bem-vindo ao SUNNY &#8211; o blog empresarial da SMA! Que temas s\u00e3o abordados? O nosso blog SUNNY abrange diversos assuntos...\" \/>\n<meta property=\"og:url\" content=\"https:\/\/www.sma-sunny.com\/pt-br\/sobre-este-blog\/\" \/>\n<meta property=\"og:site_name\" content=\"Sunny. SMA Corporate Blog\" \/>\n<meta property=\"article:publisher\" content=\"https:\/\/facebook.com\/SMASolarTechnology\" \/>\n<meta property=\"article:modified_time\" content=\"2023-04-11T07:47:44+00:00\" \/>\n<meta name=\"twitter:card\" content=\"summary_large_image\" \/>\n<meta name=\"twitter:site\" content=\"@SMAsolar\" \/>\n<meta name=\"twitter:label1\" content=\"Est. tempo de leitura\" \/>\n\t<meta name=\"twitter:data1\" content=\"2 minutos\" \/>\n<script type=\"application\/ld+json\" class=\"yoast-schema-graph\">{\"@context\":\"https:\/\/schema.org\",\"@graph\":[{\"@type\":\"WebPage\",\"@id\":\"https:\/\/www.sma-sunny.com\/pt-br\/sobre-este-blog\/\",\"url\":\"https:\/\/www.sma-sunny.com\/pt-br\/sobre-este-blog\/\",\"name\":\"Sobre este blog - Sunny. SMA Corporate Blog\",\"isPartOf\":{\"@id\":\"https:\/\/www.sma-sunny.com\/pt-br\/#website\"},\"datePublished\":\"2018-02-13T09:16:07+00:00\",\"dateModified\":\"2023-04-11T07:47:44+00:00\",\"breadcrumb\":{\"@id\":\"https:\/\/www.sma-sunny.com\/pt-br\/sobre-este-blog\/#breadcrumb\"},\"inLanguage\":\"pt-BR\",\"potentialAction\":[{\"@type\":\"ReadAction\",\"target\":[\"https:\/\/www.sma-sunny.com\/pt-br\/sobre-este-blog\/\"]}]},{\"@type\":\"BreadcrumbList\",\"@id\":\"https:\/\/www.sma-sunny.com\/pt-br\/sobre-este-blog\/#breadcrumb\",\"itemListElement\":[{\"@type\":\"ListItem\",\"position\":1,\"name\":\"Startseite\",\"item\":\"https:\/\/www.sma-sunny.com\/pt-br\/\"},{\"@type\":\"ListItem\",\"position\":2,\"name\":\"Sobre este blog\"}]},{\"@type\":\"WebSite\",\"@id\":\"https:\/\/www.sma-sunny.com\/pt-br\/#website\",\"url\":\"https:\/\/www.sma-sunny.com\/pt-br\/\",\"name\":\"Sunny. SMA Corporate Blog\",\"description\":\"\",\"potentialAction\":[{\"@type\":\"SearchAction\",\"target\":{\"@type\":\"EntryPoint\",\"urlTemplate\":\"https:\/\/www.sma-sunny.com\/pt-br\/?s={search_term_string}\"},\"query-input\":{\"@type\":\"PropertyValueSpecification\",\"valueRequired\":true,\"valueName\":\"search_term_string\"}}],\"inLanguage\":\"pt-BR\"}]}<\/script>\n<!-- \/ Yoast SEO plugin. -->","yoast_head_json":{"title":"Sobre este blog - Sunny. SMA Corporate Blog","robots":{"index":"index","follow":"follow","max-snippet":"max-snippet:-1","max-image-preview":"max-image-preview:large","max-video-preview":"max-video-preview:-1"},"canonical":"https:\/\/www.sma-sunny.com\/pt-br\/sobre-este-blog\/","og_locale":"pt_BR","og_type":"article","og_title":"Sobre este blog - Sunny. SMA Corporate Blog","og_description":"Bem-vindo ao SUNNY &#8211; o blog empresarial da SMA! Que temas s\u00e3o abordados? O nosso blog SUNNY abrange diversos assuntos...","og_url":"https:\/\/www.sma-sunny.com\/pt-br\/sobre-este-blog\/","og_site_name":"Sunny. SMA Corporate Blog","article_publisher":"https:\/\/facebook.com\/SMASolarTechnology","article_modified_time":"2023-04-11T07:47:44+00:00","twitter_card":"summary_large_image","twitter_site":"@SMAsolar","twitter_misc":{"Est. tempo de leitura":"2 minutos"},"schema":{"@context":"https:\/\/schema.org","@graph":[{"@type":"WebPage","@id":"https:\/\/www.sma-sunny.com\/pt-br\/sobre-este-blog\/","url":"https:\/\/www.sma-sunny.com\/pt-br\/sobre-este-blog\/","name":"Sobre este blog - Sunny. SMA Corporate Blog","isPartOf":{"@id":"https:\/\/www.sma-sunny.com\/pt-br\/#website"},"datePublished":"2018-02-13T09:16:07+00:00","dateModified":"2023-04-11T07:47:44+00:00","breadcrumb":{"@id":"https:\/\/www.sma-sunny.com\/pt-br\/sobre-este-blog\/#breadcrumb"},"inLanguage":"pt-BR","potentialAction":[{"@type":"ReadAction","target":["https:\/\/www.sma-sunny.com\/pt-br\/sobre-este-blog\/"]}]},{"@type":"BreadcrumbList","@id":"https:\/\/www.sma-sunny.com\/pt-br\/sobre-este-blog\/#breadcrumb","itemListElement":[{"@type":"ListItem","position":1,"name":"Startseite","item":"https:\/\/www.sma-sunny.com\/pt-br\/"},{"@type":"ListItem","position":2,"name":"Sobre este blog"}]},{"@type":"WebSite","@id":"https:\/\/www.sma-sunny.com\/pt-br\/#website","url":"https:\/\/www.sma-sunny.com\/pt-br\/","name":"Sunny. SMA Corporate Blog","description":"","potentialAction":[{"@type":"SearchAction","target":{"@type":"EntryPoint","urlTemplate":"https:\/\/www.sma-sunny.com\/pt-br\/?s={search_term_string}"},"query-input":{"@type":"PropertyValueSpecification","valueRequired":true,"valueName":"search_term_string"}}],"inLanguage":"pt-BR"}]}},"_links":{"self":[{"href":"https:\/\/www.sma-sunny.com\/pt-br\/wp-json\/wp\/v2\/pages\/131083","targetHints":{"allow":["GET"]}}],"collection":[{"href":"https:\/\/www.sma-sunny.com\/pt-br\/wp-json\/wp\/v2\/pages"}],"about":[{"href":"https:\/\/www.sma-sunny.com\/pt-br\/wp-json\/wp\/v2\/types\/page"}],"author":[{"embeddable":true,"href":"https:\/\/www.sma-sunny.com\/pt-br\/wp-json\/wp\/v2\/users\/56"}],"replies":[{"embeddable":true,"href":"https:\/\/www.sma-sunny.com\/pt-br\/wp-json\/wp\/v2\/comments?post=131083"}],"version-history":[{"count":0,"href":"https:\/\/www.sma-sunny.com\/pt-br\/wp-json\/wp\/v2\/pages\/131083\/revisions"}],"wp:attachment":[{"href":"https:\/\/www.sma-sunny.com\/pt-br\/wp-json\/wp\/v2\/media?parent=131083"}],"curies":[{"name":"wp","href":"https:\/\/api.w.org\/{rel}","templated":true}]}}