{"id":51285,"date":"2018-02-13T14:51:35","date_gmt":"2018-02-13T13:51:35","guid":{"rendered":"http:\/\/relaunch.sma-sunny.com\/?page_id=51285"},"modified":"2023-06-14T11:23:29","modified_gmt":"2023-06-14T09:23:29","slug":"informazioni-su-questo-blog","status":"publish","type":"page","link":"https:\/\/www.sma-sunny.com\/it\/informazioni-su-questo-blog\/","title":{"rendered":"Informazioni su questo blog"},"content":{"rendered":"<p>Benvenuti su SUNNY, il blog aziendale di SMA!<\/p>\n<h5>Di cosa si tratta?<\/h5>\n<p>Il nostro blog SUNNY affronta temi come la digitalizzazione, la Smart Home, la gestione energetica e la combinazione di tecnologie di sistema SMA con diverse soluzioni di accumulo. Vi forniremo consigli e suggerimenti sulla gamma di prodotti e soluzioni SMA e vi faremo conoscere meglio la nostra azienda. Ne approfitteremo, inoltre, per esprimere la nostra posizione nell\u2019attuale dibattito sull\u2019energia. In tutto questo, cari lettori, saremo lieti di coinvolgervi: aspettiamo quindi il vostro feedback, le vostre domande e i vostri commenti.<br \/>\nSe un tema vi sta particolarmente a cuore, scrivete a <a href=\"mailto:marketing@sma.italia.com\">marketing@sma.italia.com<\/a>.<\/p>\n<h5>Chi sono gli autori?<\/h5>\n<p>Su questo blog scrivono autentici collaboratori di SMA: colleghi con diverse specializzazioni, che operano in differenti reparti dell\u2019azienda. Su determinati temi prendono regolarmente la parola anche i membri del Consiglio di Amministrazione. Per arricchire la discussione, il nostro blog ospita inoltre contributi a cura di esperti del campo della scienza, della ricerca, dell\u2019industria ed energy blogger.<\/p>\n<h5>Perch\u00e9 SUNNY?<\/h5>\n<p>Sunny Boy, Sunny Tripower, Sunny Central: la nostra famiglia di prodotti ha il sole dentro, anche nel nome! Naturalmente, su queste pagine non parleremo solo dei nostri prodotti e delle nostre soluzioni di sistema, ma esamineremo piuttosto il contributo che pu\u00f2 fornire il fotovoltaico nell\u2019ottica di un approvvigionamento di energia decentralizzato, sicuro e sostenibile. Visto il ruolo che riveste il sole in questo ambito, la scelta del nome \u00e8 stata quasi obbligata. Ovviamente, non tutti i temi saranno esclusivamente \u201csolari\u201d: affronteremo anche argomenti controversi e oggetto di critiche. Ma tutto ci\u00f2 non far\u00e0 che rendere pi\u00f9 interessanti i vari post.<\/p>\n<p>Non ci resta dunque che augurarvi buona lettura!<br \/>\nIl team del blog SMA<\/p>\n","protected":false},"excerpt":{"rendered":"<p>Benvenuti su SUNNY, il blog aziendale di SMA! Di cosa si tratta? Il nostro blog SUNNY affronta temi come la&#8230;<\/p>\n","protected":false},"author":56,"featured_media":0,"parent":0,"menu_order":0,"comment_status":"open","ping_status":"open","template":"","meta":{"_acf_changed":false,"footnotes":""},"class_list":["post-51285","page","type-page","status-publish","hentry"],"acf":[],"yoast_head":"<!-- This site is optimized with the Yoast SEO plugin v23.9 - https:\/\/yoast.com\/wordpress\/plugins\/seo\/ -->\n<title>Informazioni su questo blog - Sunny. SMA Corporate Blog<\/title>\n<meta name=\"robots\" content=\"index, follow, max-snippet:-1, max-image-preview:large, max-video-preview:-1\" \/>\n<link rel=\"canonical\" href=\"https:\/\/www.sma-sunny.com\/it\/informazioni-su-questo-blog\/\" \/>\n<meta property=\"og:locale\" content=\"it_IT\" \/>\n<meta property=\"og:type\" content=\"article\" \/>\n<meta property=\"og:title\" content=\"Informazioni su questo blog - Sunny. SMA Corporate Blog\" \/>\n<meta property=\"og:description\" content=\"Benvenuti su SUNNY, il blog aziendale di SMA! Di cosa si tratta? Il nostro blog SUNNY affronta temi come la...\" \/>\n<meta property=\"og:url\" content=\"https:\/\/www.sma-sunny.com\/it\/informazioni-su-questo-blog\/\" \/>\n<meta property=\"og:site_name\" content=\"Sunny. SMA Corporate Blog\" \/>\n<meta property=\"article:publisher\" content=\"https:\/\/facebook.com\/SMASolarTechnology\" \/>\n<meta property=\"article:modified_time\" content=\"2023-06-14T09:23:29+00:00\" \/>\n<meta name=\"twitter:card\" content=\"summary_large_image\" \/>\n<meta name=\"twitter:site\" content=\"@SMAsolar\" \/>\n<meta name=\"twitter:label1\" content=\"Tempo di lettura stimato\" \/>\n\t<meta name=\"twitter:data1\" content=\"2 minuti\" \/>\n<script type=\"application\/ld+json\" class=\"yoast-schema-graph\">{\"@context\":\"https:\/\/schema.org\",\"@graph\":[{\"@type\":\"WebPage\",\"@id\":\"https:\/\/www.sma-sunny.com\/it\/informazioni-su-questo-blog\/\",\"url\":\"https:\/\/www.sma-sunny.com\/it\/informazioni-su-questo-blog\/\",\"name\":\"Informazioni su questo blog - Sunny. SMA Corporate Blog\",\"isPartOf\":{\"@id\":\"https:\/\/www.sma-sunny.com\/it\/#website\"},\"datePublished\":\"2018-02-13T13:51:35+00:00\",\"dateModified\":\"2023-06-14T09:23:29+00:00\",\"breadcrumb\":{\"@id\":\"https:\/\/www.sma-sunny.com\/it\/informazioni-su-questo-blog\/#breadcrumb\"},\"inLanguage\":\"it-IT\",\"potentialAction\":[{\"@type\":\"ReadAction\",\"target\":[\"https:\/\/www.sma-sunny.com\/it\/informazioni-su-questo-blog\/\"]}]},{\"@type\":\"BreadcrumbList\",\"@id\":\"https:\/\/www.sma-sunny.com\/it\/informazioni-su-questo-blog\/#breadcrumb\",\"itemListElement\":[{\"@type\":\"ListItem\",\"position\":1,\"name\":\"Startseite\",\"item\":\"https:\/\/www.sma-sunny.com\/it\/\"},{\"@type\":\"ListItem\",\"position\":2,\"name\":\"Informazioni su questo blog\"}]},{\"@type\":\"WebSite\",\"@id\":\"https:\/\/www.sma-sunny.com\/it\/#website\",\"url\":\"https:\/\/www.sma-sunny.com\/it\/\",\"name\":\"Sunny. SMA Corporate Blog\",\"description\":\"\",\"potentialAction\":[{\"@type\":\"SearchAction\",\"target\":{\"@type\":\"EntryPoint\",\"urlTemplate\":\"https:\/\/www.sma-sunny.com\/it\/?s={search_term_string}\"},\"query-input\":{\"@type\":\"PropertyValueSpecification\",\"valueRequired\":true,\"valueName\":\"search_term_string\"}}],\"inLanguage\":\"it-IT\"}]}<\/script>\n<!-- \/ Yoast SEO plugin. -->","yoast_head_json":{"title":"Informazioni su questo blog - Sunny. SMA Corporate Blog","robots":{"index":"index","follow":"follow","max-snippet":"max-snippet:-1","max-image-preview":"max-image-preview:large","max-video-preview":"max-video-preview:-1"},"canonical":"https:\/\/www.sma-sunny.com\/it\/informazioni-su-questo-blog\/","og_locale":"it_IT","og_type":"article","og_title":"Informazioni su questo blog - Sunny. SMA Corporate Blog","og_description":"Benvenuti su SUNNY, il blog aziendale di SMA! Di cosa si tratta? Il nostro blog SUNNY affronta temi come la...","og_url":"https:\/\/www.sma-sunny.com\/it\/informazioni-su-questo-blog\/","og_site_name":"Sunny. SMA Corporate Blog","article_publisher":"https:\/\/facebook.com\/SMASolarTechnology","article_modified_time":"2023-06-14T09:23:29+00:00","twitter_card":"summary_large_image","twitter_site":"@SMAsolar","twitter_misc":{"Tempo di lettura stimato":"2 minuti"},"schema":{"@context":"https:\/\/schema.org","@graph":[{"@type":"WebPage","@id":"https:\/\/www.sma-sunny.com\/it\/informazioni-su-questo-blog\/","url":"https:\/\/www.sma-sunny.com\/it\/informazioni-su-questo-blog\/","name":"Informazioni su questo blog - Sunny. SMA Corporate Blog","isPartOf":{"@id":"https:\/\/www.sma-sunny.com\/it\/#website"},"datePublished":"2018-02-13T13:51:35+00:00","dateModified":"2023-06-14T09:23:29+00:00","breadcrumb":{"@id":"https:\/\/www.sma-sunny.com\/it\/informazioni-su-questo-blog\/#breadcrumb"},"inLanguage":"it-IT","potentialAction":[{"@type":"ReadAction","target":["https:\/\/www.sma-sunny.com\/it\/informazioni-su-questo-blog\/"]}]},{"@type":"BreadcrumbList","@id":"https:\/\/www.sma-sunny.com\/it\/informazioni-su-questo-blog\/#breadcrumb","itemListElement":[{"@type":"ListItem","position":1,"name":"Startseite","item":"https:\/\/www.sma-sunny.com\/it\/"},{"@type":"ListItem","position":2,"name":"Informazioni su questo blog"}]},{"@type":"WebSite","@id":"https:\/\/www.sma-sunny.com\/it\/#website","url":"https:\/\/www.sma-sunny.com\/it\/","name":"Sunny. SMA Corporate Blog","description":"","potentialAction":[{"@type":"SearchAction","target":{"@type":"EntryPoint","urlTemplate":"https:\/\/www.sma-sunny.com\/it\/?s={search_term_string}"},"query-input":{"@type":"PropertyValueSpecification","valueRequired":true,"valueName":"search_term_string"}}],"inLanguage":"it-IT"}]}},"_links":{"self":[{"href":"https:\/\/www.sma-sunny.com\/it\/wp-json\/wp\/v2\/pages\/51285","targetHints":{"allow":["GET"]}}],"collection":[{"href":"https:\/\/www.sma-sunny.com\/it\/wp-json\/wp\/v2\/pages"}],"about":[{"href":"https:\/\/www.sma-sunny.com\/it\/wp-json\/wp\/v2\/types\/page"}],"author":[{"embeddable":true,"href":"https:\/\/www.sma-sunny.com\/it\/wp-json\/wp\/v2\/users\/56"}],"replies":[{"embeddable":true,"href":"https:\/\/www.sma-sunny.com\/it\/wp-json\/wp\/v2\/comments?post=51285"}],"version-history":[{"count":0,"href":"https:\/\/www.sma-sunny.com\/it\/wp-json\/wp\/v2\/pages\/51285\/revisions"}],"wp:attachment":[{"href":"https:\/\/www.sma-sunny.com\/it\/wp-json\/wp\/v2\/media?parent=51285"}],"curies":[{"name":"wp","href":"https:\/\/api.w.org\/{rel}","templated":true}]}}