{"id":51198,"date":"2018-02-13T11:20:21","date_gmt":"2018-02-13T10:20:21","guid":{"rendered":"http:\/\/relaunch.sma-sunny.com\/?page_id=51198"},"modified":"2025-09-05T16:22:20","modified_gmt":"2025-09-05T14:22:20","slug":"mentions-legales","status":"publish","type":"page","link":"https:\/\/www.sma-sunny.com\/fr\/mentions-legales\/","title":{"rendered":"Mentions l\u00e9gales"},"content":{"rendered":"<p><strong><span data-mce-type=\"bookmark\" style=\"display: inline-block; width: 0px; overflow: hidden; line-height: 0;\" class=\"mce_SELRES_start\">\ufeff<\/span><span data-mce-type=\"bookmark\" style=\"display: inline-block; width: 0px; overflow: hidden; line-height: 0;\" class=\"mce_SELRES_start\">\ufeff<\/span><span data-mce-type=\"bookmark\" style=\"display: inline-block; width: 0px; overflow: hidden; line-height: 0;\" class=\"mce_SELRES_start\">\ufeff<\/span>SMA Solar Technology AG<\/strong><br \/>\nSonnenallee 1<br \/>\n34266 Niestetal<br \/>\nAllemagne<\/p>\n<p>T\u00e9l\u00e9phone : +49 561 95 22-0<\/p>\n<p><strong><a href=\"mailto:info@SMA.de\">info@SMA.de<\/a><\/strong><br \/>\n<strong><a href=\"https:\/\/www.sma.de\/\" target=\"_blank\" rel=\"noopener noreferrer\" data-htmlarea-external=\"1\">www.SMA.de<\/a><\/strong><\/p>\n<p><strong>Comit\u00e9 de Direction :<\/strong><br \/>\nJ\u00fcrgen Reinert (Pr\u00e9sident du Comit\u00e9 de Direction)<br \/>\nOlaf Heyden<br \/>\nDr. Kaveh Rouhi<\/p>\n<p><strong>Conseil de surveillance<\/strong><\/p>\n<p>Repr\u00e9sentants des actionnaires :<br \/>\nConstanze Hufenbecher<br \/>\nUwe Kleinkauf (Vice-Pr\u00e9sident)<br \/>\nDr. Ralph L\u00e4ssig (Pr\u00e9sident)<br \/>\nIlonka Nussbaumer<br \/>\nDr. Frank Possel-D\u00f6lken<br \/>\nJan-Henrik Supady<\/p>\n<p>Repr\u00e9sentants du personnel :<br \/>\nMartin Breul<br \/>\nOliver Dietzel<br \/>\nRomy Siegert<br \/>\nLidia Thelemann<br \/>\nDr. Matthias Victor<br \/>\nJ\u00f6rg Wienand<\/p>\n<p><strong>Bureau d\u2019immatriculation :<\/strong><br \/>\nTribunal d\u2019instance de Cassel,<br \/>\nnum\u00e9ro d\u2019immatriculation : HRB 3972<br \/>\nNum\u00e9ro d\u2019identification \u00e0 la taxe sur la valeur ajout\u00e9e selon \u00a7 27 a de la Loi allemande relative \u00e0 la taxe sur le chiffre d\u2019affaires : DE 113 085 954<br \/>\nNum\u00e9ro d\u2019inscription au registre DEEE : DE 95881150<\/p>\n<p>Toutes les informations figurant sur les sites Internet de SMA sont prot\u00e9g\u00e9es par des droits d\u2019auteur. Toute copie, traitement, modification et\/ou transmission \u00e0 des fins commerciales de ces informations est interdite sans autorisation \u00e9crite expresse de SMA. Ces informations sont uniquement fournies \u00e0 titre informatif et n\u2019impliquent aucune garantie ni assurance de quelque nature que ce soit. SMA se r\u00e9serve \u00e0 tout moment le droit de proc\u00e9der \u00e0 des modifications de nature technique, commerciale ou relatives au prix. SMA n\u2019est en mesure de fournir des d\u00e9clarations fermes qu\u2019en r\u00e9ponse \u00e0 des demandes concr\u00e8tes. En raison de cette non-obligation, SMA d\u00e9cline toute responsabilit\u00e9 concernant l\u2019exactitude des informations.<\/p>\n<p><strong>Clause de non-responsabilit\u00e9<\/strong><br \/>\nLes sites Internet de SMA contiennent \u00e9galement des liens vers d\u2019autres sites, dont certains sont g\u00e9r\u00e9s non pas par SMA mais par des tiers. Ces liens ne sont fournis qu\u2019\u00e0 titre informatif. SMA n\u2019a aucun droit de regard sur le contenu de ces sites et d\u00e9cline toute responsabilit\u00e9 en la mati\u00e8re. Ces sites tiers peuvent eux aussi \u00eatre prot\u00e9g\u00e9s par des droits d\u2019auteur. Vous assumez l\u2019enti\u00e8re responsabilit\u00e9 de l\u2019utilisation que vous faites des sites Internet de SMA. SMA Solar Technology AG d\u00e9cline toute responsabilit\u00e9 pour les dommages r\u00e9sultant de l\u2019utilisation de ses sites Internet, notamment interruption d\u2019exploitation, pertes de b\u00e9n\u00e9fices, pertes d\u2019informations et de donn\u00e9es ou dommages cons\u00e9cutifs \u00e0 des vices, sauf en cas de responsabilit\u00e9 obligatoire, par exemple conform\u00e9ment \u00e0 la loi relative \u00e0 la responsabilit\u00e9 des fabricants ou en cas de man\u0153uvre frauduleuse, de n\u00e9gligence grave, de non-conformit\u00e9 aux caract\u00e9ristiques annonc\u00e9es ou de violation d\u2019obligations contractuelles essentielles. Les dommages-int\u00e9r\u00eats pour cause de violation des obligations contractuelles essentielles sont cependant limit\u00e9s aux dommages pr\u00e9visibles caract\u00e9ristiques de ce type de contrat, dans la mesure o\u00f9 il n\u2019y a pas eu de man\u0153uvre frauduleuse ni de n\u00e9gligence grave.<\/p>\n<p><strong>Domaine d\u2019application :<\/strong><br \/>\nOutre <a href=\"http:\/\/www.sma.de\" target=\"_blank\" rel=\"noopener noreferrer\" data-htmlarea-external=\"1\">www.sma.de<\/a>, ces mentions l\u00e9gales sont \u00e9galement applicables \u00e0 notre page Facebook <a href=\"https:\/\/www.facebook.com\/SMASolarTechnology\" target=\"_blank\" rel=\"noopener noreferrer\" data-htmlarea-external=\"1\">SMA Solar Technology<\/a>, notre compte <a href=\"http:\/\/www.youtube.com\/user\/smasolartechnology\" target=\"_blank\" rel=\"noopener noreferrer\" data-htmlarea-external=\"1\">YouTube<\/a>, notre pr\u00e9sence sur <a href=\"http:\/\/www.xing.com\/companies\/smasolartechnologyag\" target=\"_blank\" rel=\"noopener noreferrer\" data-htmlarea-external=\"1\">XING<\/a> ainsi que notre profil <a href=\"http:\/\/www.kununu.com\/de\/all\/de\/ew\/sma-solar-technology\" target=\"_blank\" rel=\"noopener noreferrer\" data-htmlarea-external=\"1\">kununu<\/a>.<\/p>\n<p><strong>Photos :<\/strong><br \/>\nphotocase.de<\/p>\n","protected":false},"excerpt":{"rendered":"<p>\ufeff\ufeff\ufeffSMA Solar Technology AG Sonnenallee 1 34266 Niestetal Allemagne T\u00e9l\u00e9phone : +49 561 95 22-0 info@SMA.de www.SMA.de Comit\u00e9 de Direction&#8230;<\/p>\n","protected":false},"author":56,"featured_media":0,"parent":0,"menu_order":0,"comment_status":"open","ping_status":"open","template":"","meta":{"_acf_changed":false,"footnotes":""},"class_list":["post-51198","page","type-page","status-publish","hentry"],"acf":[],"yoast_head":"<!-- This site is optimized with the Yoast SEO plugin v23.9 - https:\/\/yoast.com\/wordpress\/plugins\/seo\/ -->\n<title>Mentions l\u00e9gales - Sunny. SMA Corporate Blog<\/title>\n<meta name=\"robots\" content=\"index, follow, max-snippet:-1, max-image-preview:large, max-video-preview:-1\" \/>\n<link rel=\"canonical\" href=\"https:\/\/www.sma-sunny.com\/fr\/mentions-legales\/\" \/>\n<meta property=\"og:locale\" content=\"fr_FR\" \/>\n<meta property=\"og:type\" content=\"article\" \/>\n<meta property=\"og:title\" content=\"Mentions l\u00e9gales - Sunny. SMA Corporate Blog\" \/>\n<meta property=\"og:description\" content=\"\ufeff\ufeff\ufeffSMA Solar Technology AG Sonnenallee 1 34266 Niestetal Allemagne T\u00e9l\u00e9phone : +49 561 95 22-0 info@SMA.de www.SMA.de Comit\u00e9 de Direction...\" \/>\n<meta property=\"og:url\" content=\"https:\/\/www.sma-sunny.com\/fr\/mentions-legales\/\" \/>\n<meta property=\"og:site_name\" content=\"Sunny. SMA Corporate Blog\" \/>\n<meta property=\"article:publisher\" content=\"https:\/\/facebook.com\/SMASolarTechnology\" \/>\n<meta property=\"article:modified_time\" content=\"2025-09-05T14:22:20+00:00\" \/>\n<meta name=\"twitter:card\" content=\"summary_large_image\" \/>\n<meta name=\"twitter:site\" content=\"@SMAsolar\" \/>\n<meta name=\"twitter:label1\" content=\"Dur\u00e9e de lecture estim\u00e9e\" \/>\n\t<meta name=\"twitter:data1\" content=\"3 minutes\" \/>\n<script type=\"application\/ld+json\" class=\"yoast-schema-graph\">{\"@context\":\"https:\/\/schema.org\",\"@graph\":[{\"@type\":\"WebPage\",\"@id\":\"https:\/\/www.sma-sunny.com\/fr\/mentions-legales\/\",\"url\":\"https:\/\/www.sma-sunny.com\/fr\/mentions-legales\/\",\"name\":\"Mentions l\u00e9gales - Sunny. SMA Corporate Blog\",\"isPartOf\":{\"@id\":\"https:\/\/www.sma-sunny.com\/fr\/#website\"},\"datePublished\":\"2018-02-13T10:20:21+00:00\",\"dateModified\":\"2025-09-05T14:22:20+00:00\",\"breadcrumb\":{\"@id\":\"https:\/\/www.sma-sunny.com\/fr\/mentions-legales\/#breadcrumb\"},\"inLanguage\":\"fr-FR\",\"potentialAction\":[{\"@type\":\"ReadAction\",\"target\":[\"https:\/\/www.sma-sunny.com\/fr\/mentions-legales\/\"]}]},{\"@type\":\"BreadcrumbList\",\"@id\":\"https:\/\/www.sma-sunny.com\/fr\/mentions-legales\/#breadcrumb\",\"itemListElement\":[{\"@type\":\"ListItem\",\"position\":1,\"name\":\"Startseite\",\"item\":\"https:\/\/www.sma-sunny.com\/fr\/\"},{\"@type\":\"ListItem\",\"position\":2,\"name\":\"Mentions l\u00e9gales\"}]},{\"@type\":\"WebSite\",\"@id\":\"https:\/\/www.sma-sunny.com\/fr\/#website\",\"url\":\"https:\/\/www.sma-sunny.com\/fr\/\",\"name\":\"Sunny. SMA Corporate Blog\",\"description\":\"\",\"potentialAction\":[{\"@type\":\"SearchAction\",\"target\":{\"@type\":\"EntryPoint\",\"urlTemplate\":\"https:\/\/www.sma-sunny.com\/fr\/?s={search_term_string}\"},\"query-input\":{\"@type\":\"PropertyValueSpecification\",\"valueRequired\":true,\"valueName\":\"search_term_string\"}}],\"inLanguage\":\"fr-FR\"}]}<\/script>\n<!-- \/ Yoast SEO plugin. -->","yoast_head_json":{"title":"Mentions l\u00e9gales - Sunny. SMA Corporate Blog","robots":{"index":"index","follow":"follow","max-snippet":"max-snippet:-1","max-image-preview":"max-image-preview:large","max-video-preview":"max-video-preview:-1"},"canonical":"https:\/\/www.sma-sunny.com\/fr\/mentions-legales\/","og_locale":"fr_FR","og_type":"article","og_title":"Mentions l\u00e9gales - Sunny. SMA Corporate Blog","og_description":"\ufeff\ufeff\ufeffSMA Solar Technology AG Sonnenallee 1 34266 Niestetal Allemagne T\u00e9l\u00e9phone : +49 561 95 22-0 info@SMA.de www.SMA.de Comit\u00e9 de Direction...","og_url":"https:\/\/www.sma-sunny.com\/fr\/mentions-legales\/","og_site_name":"Sunny. SMA Corporate Blog","article_publisher":"https:\/\/facebook.com\/SMASolarTechnology","article_modified_time":"2025-09-05T14:22:20+00:00","twitter_card":"summary_large_image","twitter_site":"@SMAsolar","twitter_misc":{"Dur\u00e9e de lecture estim\u00e9e":"3 minutes"},"schema":{"@context":"https:\/\/schema.org","@graph":[{"@type":"WebPage","@id":"https:\/\/www.sma-sunny.com\/fr\/mentions-legales\/","url":"https:\/\/www.sma-sunny.com\/fr\/mentions-legales\/","name":"Mentions l\u00e9gales - Sunny. SMA Corporate Blog","isPartOf":{"@id":"https:\/\/www.sma-sunny.com\/fr\/#website"},"datePublished":"2018-02-13T10:20:21+00:00","dateModified":"2025-09-05T14:22:20+00:00","breadcrumb":{"@id":"https:\/\/www.sma-sunny.com\/fr\/mentions-legales\/#breadcrumb"},"inLanguage":"fr-FR","potentialAction":[{"@type":"ReadAction","target":["https:\/\/www.sma-sunny.com\/fr\/mentions-legales\/"]}]},{"@type":"BreadcrumbList","@id":"https:\/\/www.sma-sunny.com\/fr\/mentions-legales\/#breadcrumb","itemListElement":[{"@type":"ListItem","position":1,"name":"Startseite","item":"https:\/\/www.sma-sunny.com\/fr\/"},{"@type":"ListItem","position":2,"name":"Mentions l\u00e9gales"}]},{"@type":"WebSite","@id":"https:\/\/www.sma-sunny.com\/fr\/#website","url":"https:\/\/www.sma-sunny.com\/fr\/","name":"Sunny. SMA Corporate Blog","description":"","potentialAction":[{"@type":"SearchAction","target":{"@type":"EntryPoint","urlTemplate":"https:\/\/www.sma-sunny.com\/fr\/?s={search_term_string}"},"query-input":{"@type":"PropertyValueSpecification","valueRequired":true,"valueName":"search_term_string"}}],"inLanguage":"fr-FR"}]}},"_links":{"self":[{"href":"https:\/\/www.sma-sunny.com\/fr\/wp-json\/wp\/v2\/pages\/51198","targetHints":{"allow":["GET"]}}],"collection":[{"href":"https:\/\/www.sma-sunny.com\/fr\/wp-json\/wp\/v2\/pages"}],"about":[{"href":"https:\/\/www.sma-sunny.com\/fr\/wp-json\/wp\/v2\/types\/page"}],"author":[{"embeddable":true,"href":"https:\/\/www.sma-sunny.com\/fr\/wp-json\/wp\/v2\/users\/56"}],"replies":[{"embeddable":true,"href":"https:\/\/www.sma-sunny.com\/fr\/wp-json\/wp\/v2\/comments?post=51198"}],"version-history":[{"count":0,"href":"https:\/\/www.sma-sunny.com\/fr\/wp-json\/wp\/v2\/pages\/51198\/revisions"}],"wp:attachment":[{"href":"https:\/\/www.sma-sunny.com\/fr\/wp-json\/wp\/v2\/media?parent=51198"}],"curies":[{"name":"wp","href":"https:\/\/api.w.org\/{rel}","templated":true}]}}