{"id":51150,"date":"2018-02-13T10:19:24","date_gmt":"2018-02-13T09:19:24","guid":{"rendered":"http:\/\/relaunch.sma-sunny.com\/?page_id=51150"},"modified":"2018-02-13T10:19:24","modified_gmt":"2018-02-13T09:19:24","slug":"a-propos-de-ce-blog","status":"publish","type":"page","link":"https:\/\/www.sma-sunny.com\/fr\/a-propos-de-ce-blog\/","title":{"rendered":"\u00c0 propos de ce blog"},"content":{"rendered":"<p>Bienvenue sur SUNNY, le blog de la soci\u00e9t\u00e9 SMA!<\/p>\n<h5>De quoi s\u2019agit-il?<\/h5>\n<p>Sur notre blog SUNNY, nous abordons diff\u00e9rents th\u00e8mes : digitalisation, Smart Home, gestion de l\u2019\u00e9nergie et association de la technologie SMA \u00e0 diff\u00e9rentes technologies de stockage. Nous donnons des astuces et des conseils concernant la gamme de produits et de solutions SMA et offrons la possibilit\u00e9 de d\u2019acc\u00e9der aux coulisses de notre entreprise. Nous communiquons \u00e9galement notre position quant au d\u00e9bat actuel autour de l\u2019\u00e9nergie. C\u2019est donc avec plaisir que nous accueillons, chers lecteurs, vos r\u00e9actions, questions et commentaires ! Si un th\u00e8me vous tient particuli\u00e8rement \u00e0 c\u0153ur, n\u2019h\u00e9sitez pas \u00e0 nous \u00e9crire \u00e0 l\u2019adresse <a href=\"mailto:SocialMedia@SMA-France.com\">SocialMedia@SMA-France.com<\/a>.<\/p>\n<h5>Qui sont les r\u00e9dacteurs?<\/h5>\n<p>Ce blog est r\u00e9dig\u00e9 par de \u00ab vrais \u00bb collaborateurs de SMA exer\u00e7ant diff\u00e9rentes professions et issus de secteurs divers de l\u2019entreprise. Les membres du comit\u00e9 de direction s\u2019expriment eux aussi r\u00e9guli\u00e8rement sur des sujets sp\u00e9cifiques. Le contenu est en outre enrichi d\u2019articles r\u00e9dig\u00e9s par des experts scientifiques et industriels, des chercheurs et des blogueurs s\u2019int\u00e9ressant \u00e0 l\u2019\u00e9nergie.<\/p>\n<h5>Pourquoi le nom SUNNY?<\/h5>\n<p>Sunny Boy, Sunny Tripower, Sunny Central: le soleil est au c\u0153ur de notre gamme de produits. S\u2019il pr\u00e9sente nos produits et nos solutions, ce blog s\u2019efforce aussi et surtout de d\u00e9battre du r\u00f4le possible de l\u2019\u00e9nergie photovolta\u00efque dans la mise en place d\u2019un approvisionnement \u00e9nerg\u00e9tique d\u00e9centralis\u00e9, s\u00fbr et \u00e9cologique. Le soleil \u00e9tant indispensable \u00e0 cette mission, ce nom est apparu comme une \u00e9vidence. Sur notre blog, il arrive bien-s\u00fbr que le soleil se voile selon les sujets abord\u00e9s. Car les th\u00e8mes critiques et pol\u00e9miques y ont \u00e9galement leur place. Le blog n\u2019en est que plus vivant.<\/p>\n<p>Nous vous souhaitons une bonne lecture et d\u2019agr\u00e9ables d\u00e9couvertes!<br \/>\nL\u2019\u00e9quipe du blog SMA<\/p>\n","protected":false},"excerpt":{"rendered":"<p>Bienvenue sur SUNNY, le blog de la soci\u00e9t\u00e9 SMA! De quoi s\u2019agit-il? Sur notre blog SUNNY, nous abordons diff\u00e9rents th\u00e8mes&#8230;<\/p>\n","protected":false},"author":56,"featured_media":0,"parent":0,"menu_order":0,"comment_status":"open","ping_status":"open","template":"","meta":{"_acf_changed":false,"footnotes":""},"class_list":["post-51150","page","type-page","status-publish","hentry"],"acf":[],"yoast_head":"<!-- This site is optimized with the Yoast SEO plugin v23.9 - https:\/\/yoast.com\/wordpress\/plugins\/seo\/ -->\n<title>\u00c0 propos de ce blog - Sunny. SMA Corporate Blog<\/title>\n<meta name=\"robots\" content=\"index, follow, max-snippet:-1, max-image-preview:large, max-video-preview:-1\" \/>\n<link rel=\"canonical\" href=\"https:\/\/www.sma-sunny.com\/fr\/a-propos-de-ce-blog\/\" \/>\n<meta property=\"og:locale\" content=\"fr_FR\" \/>\n<meta property=\"og:type\" content=\"article\" \/>\n<meta property=\"og:title\" content=\"\u00c0 propos de ce blog - Sunny. SMA Corporate Blog\" \/>\n<meta property=\"og:description\" content=\"Bienvenue sur SUNNY, le blog de la soci\u00e9t\u00e9 SMA! De quoi s\u2019agit-il? Sur notre blog SUNNY, nous abordons diff\u00e9rents th\u00e8mes...\" \/>\n<meta property=\"og:url\" content=\"https:\/\/www.sma-sunny.com\/fr\/a-propos-de-ce-blog\/\" \/>\n<meta property=\"og:site_name\" content=\"Sunny. SMA Corporate Blog\" \/>\n<meta property=\"article:publisher\" content=\"https:\/\/facebook.com\/SMASolarTechnology\" \/>\n<meta name=\"twitter:card\" content=\"summary_large_image\" \/>\n<meta name=\"twitter:site\" content=\"@SMAsolar\" \/>\n<meta name=\"twitter:label1\" content=\"Dur\u00e9e de lecture estim\u00e9e\" \/>\n\t<meta name=\"twitter:data1\" content=\"2 minutes\" \/>\n<script type=\"application\/ld+json\" class=\"yoast-schema-graph\">{\"@context\":\"https:\/\/schema.org\",\"@graph\":[{\"@type\":\"WebPage\",\"@id\":\"https:\/\/www.sma-sunny.com\/fr\/a-propos-de-ce-blog\/\",\"url\":\"https:\/\/www.sma-sunny.com\/fr\/a-propos-de-ce-blog\/\",\"name\":\"\u00c0 propos de ce blog - Sunny. SMA Corporate Blog\",\"isPartOf\":{\"@id\":\"https:\/\/www.sma-sunny.com\/fr\/#website\"},\"datePublished\":\"2018-02-13T09:19:24+00:00\",\"dateModified\":\"2018-02-13T09:19:24+00:00\",\"breadcrumb\":{\"@id\":\"https:\/\/www.sma-sunny.com\/fr\/a-propos-de-ce-blog\/#breadcrumb\"},\"inLanguage\":\"fr-FR\",\"potentialAction\":[{\"@type\":\"ReadAction\",\"target\":[\"https:\/\/www.sma-sunny.com\/fr\/a-propos-de-ce-blog\/\"]}]},{\"@type\":\"BreadcrumbList\",\"@id\":\"https:\/\/www.sma-sunny.com\/fr\/a-propos-de-ce-blog\/#breadcrumb\",\"itemListElement\":[{\"@type\":\"ListItem\",\"position\":1,\"name\":\"Startseite\",\"item\":\"https:\/\/www.sma-sunny.com\/fr\/\"},{\"@type\":\"ListItem\",\"position\":2,\"name\":\"\u00c0 propos de ce blog\"}]},{\"@type\":\"WebSite\",\"@id\":\"https:\/\/www.sma-sunny.com\/fr\/#website\",\"url\":\"https:\/\/www.sma-sunny.com\/fr\/\",\"name\":\"Sunny. SMA Corporate Blog\",\"description\":\"\",\"potentialAction\":[{\"@type\":\"SearchAction\",\"target\":{\"@type\":\"EntryPoint\",\"urlTemplate\":\"https:\/\/www.sma-sunny.com\/fr\/?s={search_term_string}\"},\"query-input\":{\"@type\":\"PropertyValueSpecification\",\"valueRequired\":true,\"valueName\":\"search_term_string\"}}],\"inLanguage\":\"fr-FR\"}]}<\/script>\n<!-- \/ Yoast SEO plugin. -->","yoast_head_json":{"title":"\u00c0 propos de ce blog - Sunny. SMA Corporate Blog","robots":{"index":"index","follow":"follow","max-snippet":"max-snippet:-1","max-image-preview":"max-image-preview:large","max-video-preview":"max-video-preview:-1"},"canonical":"https:\/\/www.sma-sunny.com\/fr\/a-propos-de-ce-blog\/","og_locale":"fr_FR","og_type":"article","og_title":"\u00c0 propos de ce blog - Sunny. SMA Corporate Blog","og_description":"Bienvenue sur SUNNY, le blog de la soci\u00e9t\u00e9 SMA! De quoi s\u2019agit-il? Sur notre blog SUNNY, nous abordons diff\u00e9rents th\u00e8mes...","og_url":"https:\/\/www.sma-sunny.com\/fr\/a-propos-de-ce-blog\/","og_site_name":"Sunny. SMA Corporate Blog","article_publisher":"https:\/\/facebook.com\/SMASolarTechnology","twitter_card":"summary_large_image","twitter_site":"@SMAsolar","twitter_misc":{"Dur\u00e9e de lecture estim\u00e9e":"2 minutes"},"schema":{"@context":"https:\/\/schema.org","@graph":[{"@type":"WebPage","@id":"https:\/\/www.sma-sunny.com\/fr\/a-propos-de-ce-blog\/","url":"https:\/\/www.sma-sunny.com\/fr\/a-propos-de-ce-blog\/","name":"\u00c0 propos de ce blog - Sunny. SMA Corporate Blog","isPartOf":{"@id":"https:\/\/www.sma-sunny.com\/fr\/#website"},"datePublished":"2018-02-13T09:19:24+00:00","dateModified":"2018-02-13T09:19:24+00:00","breadcrumb":{"@id":"https:\/\/www.sma-sunny.com\/fr\/a-propos-de-ce-blog\/#breadcrumb"},"inLanguage":"fr-FR","potentialAction":[{"@type":"ReadAction","target":["https:\/\/www.sma-sunny.com\/fr\/a-propos-de-ce-blog\/"]}]},{"@type":"BreadcrumbList","@id":"https:\/\/www.sma-sunny.com\/fr\/a-propos-de-ce-blog\/#breadcrumb","itemListElement":[{"@type":"ListItem","position":1,"name":"Startseite","item":"https:\/\/www.sma-sunny.com\/fr\/"},{"@type":"ListItem","position":2,"name":"\u00c0 propos de ce blog"}]},{"@type":"WebSite","@id":"https:\/\/www.sma-sunny.com\/fr\/#website","url":"https:\/\/www.sma-sunny.com\/fr\/","name":"Sunny. SMA Corporate Blog","description":"","potentialAction":[{"@type":"SearchAction","target":{"@type":"EntryPoint","urlTemplate":"https:\/\/www.sma-sunny.com\/fr\/?s={search_term_string}"},"query-input":{"@type":"PropertyValueSpecification","valueRequired":true,"valueName":"search_term_string"}}],"inLanguage":"fr-FR"}]}},"_links":{"self":[{"href":"https:\/\/www.sma-sunny.com\/fr\/wp-json\/wp\/v2\/pages\/51150","targetHints":{"allow":["GET"]}}],"collection":[{"href":"https:\/\/www.sma-sunny.com\/fr\/wp-json\/wp\/v2\/pages"}],"about":[{"href":"https:\/\/www.sma-sunny.com\/fr\/wp-json\/wp\/v2\/types\/page"}],"author":[{"embeddable":true,"href":"https:\/\/www.sma-sunny.com\/fr\/wp-json\/wp\/v2\/users\/56"}],"replies":[{"embeddable":true,"href":"https:\/\/www.sma-sunny.com\/fr\/wp-json\/wp\/v2\/comments?post=51150"}],"version-history":[{"count":0,"href":"https:\/\/www.sma-sunny.com\/fr\/wp-json\/wp\/v2\/pages\/51150\/revisions"}],"wp:attachment":[{"href":"https:\/\/www.sma-sunny.com\/fr\/wp-json\/wp\/v2\/media?parent=51150"}],"curies":[{"name":"wp","href":"https:\/\/api.w.org\/{rel}","templated":true}]}}