{"id":52102,"date":"2018-05-08T10:00:03","date_gmt":"2018-05-08T08:00:03","guid":{"rendered":"http:\/\/www.sma-sunny.com\/?page_id=52102"},"modified":"2018-08-15T13:49:47","modified_gmt":"2018-08-15T11:49:47","slug":"ayuda-tecnica-en-el-blog","status":"publish","type":"page","link":"https:\/\/www.sma-sunny.com\/es\/ayuda-tecnica-en-el-blog\/","title":{"rendered":"Ayuda t\u00e9cnica en el blog"},"content":{"rendered":"<h2>Ayuda para usuarios<\/h2>\n<p>Preguntas t\u00e9cnicas<\/p>\n<ul>\n<li>\u00bfSu inversor no funciona o indica una aver\u00eda?<\/li>\n<li>\u00bfTiene problemas con el r\u00fater y no puede conectarse con Sunny\u00a0Portal?<\/li>\n<li>\u00bfCualquier cuesti\u00f3n similar?<\/li>\n<\/ul>\n<p>Si tiene problemas t\u00e9cnicos de este tipo, le pedimos que se dirija primero a su instalador. Si no puede ayudarle, p\u00f3ngase en contacto con el Servicio T\u00e9cnico de SMA. Lo ideal es que utilice el Online Service Center para plantear su consulta.<\/p>\n<p>Tambi\u00e9n puede dirigirse al Servicio T\u00e9cnico de SMA por tel\u00e9fono o por correo electr\u00f3nico.<\/p>\n<p>Espa\u00f1a +34 935 63 50 99<\/p>\n<p>Portugal +351 308 801 721<\/p>\n<p><a href=\"mailto:ServiceSMAIberica@sma.de\">ServiceSMAIberica@sma.de<\/a><\/p>\n<p>&nbsp;<\/p>\n<p>Dudas sobre productos<\/p>\n<p>Si tiene cualquier pregunta estrat\u00e9gica sobre el uso o el desarrollo de nuestros sistemas y productos, le gustar\u00eda comentar algo sobre ellos o tiene propuestas de mejora, escr\u00edbanos a: <a href=\"mailto:SocialMedia@SMA.de\">SocialMedia@SMA.de<\/a><\/p>\n<h2>Ayuda para instaladores<\/h2>\n<p>Los compa\u00f1eros del <u>Servicio T\u00e9cnico de SMA<\/u> responder\u00e1n cualquier duda t\u00e9cnica sobre la instalaci\u00f3n y la puesta en marcha.<\/p>\n<p><a href=\"https:\/\/www.sma-service.com\/en\/contact\/contact-form.html\" target=\"_blank\" rel=\"noopener\">https:\/\/www.sma-service.com\/en\/contact\/contact-form.html<\/a><\/p>\n<p>Si tiene cualquier pregunta estrat\u00e9gica sobre el uso o el desarrollo de nuestros sistemas y productos, le gustar\u00eda comentar algo sobre ellos o tiene propuestas de mejora, escr\u00edbanos a <a href=\"mailto:SocialMedia@SMA.de\">SocialMedia@SMA.de<\/a><\/p>\n","protected":false},"excerpt":{"rendered":"<p>Ayuda para usuarios Preguntas t\u00e9cnicas \u00bfSu inversor no funciona o indica una aver\u00eda? \u00bfTiene problemas con el r\u00fater y no&#8230;<\/p>\n","protected":false},"author":56,"featured_media":0,"parent":0,"menu_order":0,"comment_status":"closed","ping_status":"closed","template":"","meta":{"_acf_changed":false,"footnotes":""},"class_list":["post-52102","page","type-page","status-publish","hentry"],"acf":[],"yoast_head":"<!-- This site is optimized with the Yoast SEO plugin v23.9 - https:\/\/yoast.com\/wordpress\/plugins\/seo\/ -->\n<title>Ayuda t\u00e9cnica en el blog - Sunny. SMA Corporate Blog<\/title>\n<meta name=\"robots\" content=\"index, follow, max-snippet:-1, max-image-preview:large, max-video-preview:-1\" \/>\n<link rel=\"canonical\" href=\"https:\/\/www.sma-sunny.com\/es\/ayuda-tecnica-en-el-blog\/\" \/>\n<meta property=\"og:locale\" content=\"es_ES\" \/>\n<meta property=\"og:type\" content=\"article\" \/>\n<meta property=\"og:title\" content=\"Ayuda t\u00e9cnica en el blog - Sunny. SMA Corporate Blog\" \/>\n<meta property=\"og:description\" content=\"Ayuda para usuarios Preguntas t\u00e9cnicas \u00bfSu inversor no funciona o indica una aver\u00eda? \u00bfTiene problemas con el r\u00fater y no...\" \/>\n<meta property=\"og:url\" content=\"https:\/\/www.sma-sunny.com\/es\/ayuda-tecnica-en-el-blog\/\" \/>\n<meta property=\"og:site_name\" content=\"Sunny. SMA Corporate Blog\" \/>\n<meta property=\"article:publisher\" content=\"https:\/\/facebook.com\/SMASolarTechnology\" \/>\n<meta property=\"article:modified_time\" content=\"2018-08-15T11:49:47+00:00\" \/>\n<meta name=\"twitter:card\" content=\"summary_large_image\" \/>\n<meta name=\"twitter:site\" content=\"@SMAsolar\" \/>\n<meta name=\"twitter:label1\" content=\"Tiempo de lectura\" \/>\n\t<meta name=\"twitter:data1\" content=\"1 minuto\" \/>\n<script type=\"application\/ld+json\" class=\"yoast-schema-graph\">{\"@context\":\"https:\/\/schema.org\",\"@graph\":[{\"@type\":\"WebPage\",\"@id\":\"https:\/\/www.sma-sunny.com\/es\/ayuda-tecnica-en-el-blog\/\",\"url\":\"https:\/\/www.sma-sunny.com\/es\/ayuda-tecnica-en-el-blog\/\",\"name\":\"Ayuda t\u00e9cnica en el blog - Sunny. SMA Corporate Blog\",\"isPartOf\":{\"@id\":\"https:\/\/www.sma-sunny.com\/es\/#website\"},\"datePublished\":\"2018-05-08T08:00:03+00:00\",\"dateModified\":\"2018-08-15T11:49:47+00:00\",\"breadcrumb\":{\"@id\":\"https:\/\/www.sma-sunny.com\/es\/ayuda-tecnica-en-el-blog\/#breadcrumb\"},\"inLanguage\":\"es\",\"potentialAction\":[{\"@type\":\"ReadAction\",\"target\":[\"https:\/\/www.sma-sunny.com\/es\/ayuda-tecnica-en-el-blog\/\"]}]},{\"@type\":\"BreadcrumbList\",\"@id\":\"https:\/\/www.sma-sunny.com\/es\/ayuda-tecnica-en-el-blog\/#breadcrumb\",\"itemListElement\":[{\"@type\":\"ListItem\",\"position\":1,\"name\":\"Startseite\",\"item\":\"https:\/\/www.sma-sunny.com\/es\/\"},{\"@type\":\"ListItem\",\"position\":2,\"name\":\"Ayuda t\u00e9cnica en el blog\"}]},{\"@type\":\"WebSite\",\"@id\":\"https:\/\/www.sma-sunny.com\/es\/#website\",\"url\":\"https:\/\/www.sma-sunny.com\/es\/\",\"name\":\"Sunny. SMA Corporate Blog\",\"description\":\"\",\"potentialAction\":[{\"@type\":\"SearchAction\",\"target\":{\"@type\":\"EntryPoint\",\"urlTemplate\":\"https:\/\/www.sma-sunny.com\/es\/?s={search_term_string}\"},\"query-input\":{\"@type\":\"PropertyValueSpecification\",\"valueRequired\":true,\"valueName\":\"search_term_string\"}}],\"inLanguage\":\"es\"}]}<\/script>\n<!-- \/ Yoast SEO plugin. -->","yoast_head_json":{"title":"Ayuda t\u00e9cnica en el blog - Sunny. SMA Corporate Blog","robots":{"index":"index","follow":"follow","max-snippet":"max-snippet:-1","max-image-preview":"max-image-preview:large","max-video-preview":"max-video-preview:-1"},"canonical":"https:\/\/www.sma-sunny.com\/es\/ayuda-tecnica-en-el-blog\/","og_locale":"es_ES","og_type":"article","og_title":"Ayuda t\u00e9cnica en el blog - Sunny. SMA Corporate Blog","og_description":"Ayuda para usuarios Preguntas t\u00e9cnicas \u00bfSu inversor no funciona o indica una aver\u00eda? \u00bfTiene problemas con el r\u00fater y no...","og_url":"https:\/\/www.sma-sunny.com\/es\/ayuda-tecnica-en-el-blog\/","og_site_name":"Sunny. SMA Corporate Blog","article_publisher":"https:\/\/facebook.com\/SMASolarTechnology","article_modified_time":"2018-08-15T11:49:47+00:00","twitter_card":"summary_large_image","twitter_site":"@SMAsolar","twitter_misc":{"Tiempo de lectura":"1 minuto"},"schema":{"@context":"https:\/\/schema.org","@graph":[{"@type":"WebPage","@id":"https:\/\/www.sma-sunny.com\/es\/ayuda-tecnica-en-el-blog\/","url":"https:\/\/www.sma-sunny.com\/es\/ayuda-tecnica-en-el-blog\/","name":"Ayuda t\u00e9cnica en el blog - Sunny. SMA Corporate Blog","isPartOf":{"@id":"https:\/\/www.sma-sunny.com\/es\/#website"},"datePublished":"2018-05-08T08:00:03+00:00","dateModified":"2018-08-15T11:49:47+00:00","breadcrumb":{"@id":"https:\/\/www.sma-sunny.com\/es\/ayuda-tecnica-en-el-blog\/#breadcrumb"},"inLanguage":"es","potentialAction":[{"@type":"ReadAction","target":["https:\/\/www.sma-sunny.com\/es\/ayuda-tecnica-en-el-blog\/"]}]},{"@type":"BreadcrumbList","@id":"https:\/\/www.sma-sunny.com\/es\/ayuda-tecnica-en-el-blog\/#breadcrumb","itemListElement":[{"@type":"ListItem","position":1,"name":"Startseite","item":"https:\/\/www.sma-sunny.com\/es\/"},{"@type":"ListItem","position":2,"name":"Ayuda t\u00e9cnica en el blog"}]},{"@type":"WebSite","@id":"https:\/\/www.sma-sunny.com\/es\/#website","url":"https:\/\/www.sma-sunny.com\/es\/","name":"Sunny. SMA Corporate Blog","description":"","potentialAction":[{"@type":"SearchAction","target":{"@type":"EntryPoint","urlTemplate":"https:\/\/www.sma-sunny.com\/es\/?s={search_term_string}"},"query-input":{"@type":"PropertyValueSpecification","valueRequired":true,"valueName":"search_term_string"}}],"inLanguage":"es"}]}},"_links":{"self":[{"href":"https:\/\/www.sma-sunny.com\/es\/wp-json\/wp\/v2\/pages\/52102","targetHints":{"allow":["GET"]}}],"collection":[{"href":"https:\/\/www.sma-sunny.com\/es\/wp-json\/wp\/v2\/pages"}],"about":[{"href":"https:\/\/www.sma-sunny.com\/es\/wp-json\/wp\/v2\/types\/page"}],"author":[{"embeddable":true,"href":"https:\/\/www.sma-sunny.com\/es\/wp-json\/wp\/v2\/users\/56"}],"replies":[{"embeddable":true,"href":"https:\/\/www.sma-sunny.com\/es\/wp-json\/wp\/v2\/comments?post=52102"}],"version-history":[{"count":0,"href":"https:\/\/www.sma-sunny.com\/es\/wp-json\/wp\/v2\/pages\/52102\/revisions"}],"wp:attachment":[{"href":"https:\/\/www.sma-sunny.com\/es\/wp-json\/wp\/v2\/media?parent=52102"}],"curies":[{"name":"wp","href":"https:\/\/api.w.org\/{rel}","templated":true}]}}