{"id":51289,"date":"2018-02-13T14:53:26","date_gmt":"2018-02-13T13:53:26","guid":{"rendered":"http:\/\/relaunch.sma-sunny.com\/?page_id=51289"},"modified":"2023-06-14T11:57:52","modified_gmt":"2023-06-14T09:57:52","slug":"acerca-de-este-blog","status":"publish","type":"page","link":"https:\/\/www.sma-sunny.com\/es\/acerca-de-este-blog\/","title":{"rendered":"Acerca de este blog"},"content":{"rendered":"<p>\u00a1Bienvenido a SUNNY, el blog corporativo de SMA!<\/p>\n<h5>\u00bfQu\u00e9 temas se tratan en el blog?<\/h5>\n<p>En nuestro blog SUNNY hablamos sobre digitalizaci\u00f3n, casas inteligentes, gesti\u00f3n de la energ\u00eda, as\u00ed como de la combinaci\u00f3n de la t\u00e9cnica de sistemas de SMA con las m\u00e1s diversas tecnolog\u00edas de almacenamiento. Ofrecemos consejos y sugerencias en relaci\u00f3n con la gama de productos y soluciones de SMA e informaci\u00f3n sobre nuestra empresa. Asimismo expresamos nuestra opini\u00f3n acerca de las cuestiones actuales en el sector energ\u00e9tico. Y nos gustar\u00eda contar con la participaci\u00f3n de nuestros lectores, \u00a1as\u00ed que no dude en enviarnos sus opiniones, preguntas y comentarios!<br \/>\nSi tiene especial inter\u00e9s en un tema en concreto, escr\u00edbanos un mensaje <a href=\"mailto:marketing@sma.italia.com\">marketing@sma.italia.com<\/a>.<\/p>\n<h5>\u00bfQui\u00e9nes son los autores?<\/h5>\n<p>En este blog escriben \u201cverdaderos\u201d empleados de SMA que ocupan distintos puestos y pertenecen a diferentes \u00e1mbitos de la empresa. Asimismo, con frecuencia los miembros de la junta directiva dan su opini\u00f3n acerca de determinados temas. Para enriquecer todav\u00eda m\u00e1s el debate, el blog cuenta con contribuciones de cient\u00edficos, investigadores, expertos del sector y blogueros especializados en el \u00e1mbito energ\u00e9tico.<\/p>\n<h5>\u00bfPor qu\u00e9 el nombre de SUNNY?<\/h5>\n<p>Sunny Boy, Sunny Tripower, Sunny Central: el sol siempre acompa\u00f1a a nuestra familia de productos. Sin embargo, en este blog no se habla \u00fanicamente sobre nuestros productos y soluciones de sistema, sino m\u00e1s bien sobre la contribuci\u00f3n de la energ\u00eda fotovoltaica para lograr un suministro energ\u00e9tico descentralizado, seguro y respetuoso con los recursos. Pero esto no deja de estar relacionado con el sol, as\u00ed que el nombre es, sin duda, acertado. Obviamente no todos los temas que se traten en el blog ser\u00e1n \u201csoleados\u201d, sino que tambi\u00e9n habr\u00e1 espacio para la cr\u00edtica y la controversia. Esto lo hace todav\u00eda m\u00e1s interesante.<\/p>\n<p>Esperamos que disfrute mucho de la lectura y curioseando entre nuestros art\u00edculos.<br \/>\nEl equipo del blog de SMA<\/p>\n","protected":false},"excerpt":{"rendered":"<p>\u00a1Bienvenido a SUNNY, el blog corporativo de SMA! \u00bfQu\u00e9 temas se tratan en el blog? En nuestro blog SUNNY hablamos&#8230;<\/p>\n","protected":false},"author":56,"featured_media":0,"parent":0,"menu_order":0,"comment_status":"open","ping_status":"open","template":"","meta":{"_acf_changed":false,"footnotes":""},"class_list":["post-51289","page","type-page","status-publish","hentry"],"acf":[],"yoast_head":"<!-- This site is optimized with the Yoast SEO plugin v23.9 - https:\/\/yoast.com\/wordpress\/plugins\/seo\/ -->\n<title>Acerca de este blog - Sunny. SMA Corporate Blog<\/title>\n<meta name=\"robots\" content=\"index, follow, max-snippet:-1, max-image-preview:large, max-video-preview:-1\" \/>\n<link rel=\"canonical\" href=\"https:\/\/www.sma-sunny.com\/es\/acerca-de-este-blog\/\" \/>\n<meta property=\"og:locale\" content=\"es_ES\" \/>\n<meta property=\"og:type\" content=\"article\" \/>\n<meta property=\"og:title\" content=\"Acerca de este blog - Sunny. SMA Corporate Blog\" \/>\n<meta property=\"og:description\" content=\"\u00a1Bienvenido a SUNNY, el blog corporativo de SMA! \u00bfQu\u00e9 temas se tratan en el blog? En nuestro blog SUNNY hablamos...\" \/>\n<meta property=\"og:url\" content=\"https:\/\/www.sma-sunny.com\/es\/acerca-de-este-blog\/\" \/>\n<meta property=\"og:site_name\" content=\"Sunny. SMA Corporate Blog\" \/>\n<meta property=\"article:publisher\" content=\"https:\/\/facebook.com\/SMASolarTechnology\" \/>\n<meta property=\"article:modified_time\" content=\"2023-06-14T09:57:52+00:00\" \/>\n<meta name=\"twitter:card\" content=\"summary_large_image\" \/>\n<meta name=\"twitter:site\" content=\"@SMAsolar\" \/>\n<meta name=\"twitter:label1\" content=\"Tiempo de lectura\" \/>\n\t<meta name=\"twitter:data1\" content=\"2 minutos\" \/>\n<script type=\"application\/ld+json\" class=\"yoast-schema-graph\">{\"@context\":\"https:\/\/schema.org\",\"@graph\":[{\"@type\":\"WebPage\",\"@id\":\"https:\/\/www.sma-sunny.com\/es\/acerca-de-este-blog\/\",\"url\":\"https:\/\/www.sma-sunny.com\/es\/acerca-de-este-blog\/\",\"name\":\"Acerca de este blog - Sunny. SMA Corporate Blog\",\"isPartOf\":{\"@id\":\"https:\/\/www.sma-sunny.com\/es\/#website\"},\"datePublished\":\"2018-02-13T13:53:26+00:00\",\"dateModified\":\"2023-06-14T09:57:52+00:00\",\"breadcrumb\":{\"@id\":\"https:\/\/www.sma-sunny.com\/es\/acerca-de-este-blog\/#breadcrumb\"},\"inLanguage\":\"es\",\"potentialAction\":[{\"@type\":\"ReadAction\",\"target\":[\"https:\/\/www.sma-sunny.com\/es\/acerca-de-este-blog\/\"]}]},{\"@type\":\"BreadcrumbList\",\"@id\":\"https:\/\/www.sma-sunny.com\/es\/acerca-de-este-blog\/#breadcrumb\",\"itemListElement\":[{\"@type\":\"ListItem\",\"position\":1,\"name\":\"Startseite\",\"item\":\"https:\/\/www.sma-sunny.com\/es\/\"},{\"@type\":\"ListItem\",\"position\":2,\"name\":\"Acerca de este blog\"}]},{\"@type\":\"WebSite\",\"@id\":\"https:\/\/www.sma-sunny.com\/es\/#website\",\"url\":\"https:\/\/www.sma-sunny.com\/es\/\",\"name\":\"Sunny. SMA Corporate Blog\",\"description\":\"\",\"potentialAction\":[{\"@type\":\"SearchAction\",\"target\":{\"@type\":\"EntryPoint\",\"urlTemplate\":\"https:\/\/www.sma-sunny.com\/es\/?s={search_term_string}\"},\"query-input\":{\"@type\":\"PropertyValueSpecification\",\"valueRequired\":true,\"valueName\":\"search_term_string\"}}],\"inLanguage\":\"es\"}]}<\/script>\n<!-- \/ Yoast SEO plugin. -->","yoast_head_json":{"title":"Acerca de este blog - Sunny. SMA Corporate Blog","robots":{"index":"index","follow":"follow","max-snippet":"max-snippet:-1","max-image-preview":"max-image-preview:large","max-video-preview":"max-video-preview:-1"},"canonical":"https:\/\/www.sma-sunny.com\/es\/acerca-de-este-blog\/","og_locale":"es_ES","og_type":"article","og_title":"Acerca de este blog - Sunny. SMA Corporate Blog","og_description":"\u00a1Bienvenido a SUNNY, el blog corporativo de SMA! \u00bfQu\u00e9 temas se tratan en el blog? En nuestro blog SUNNY hablamos...","og_url":"https:\/\/www.sma-sunny.com\/es\/acerca-de-este-blog\/","og_site_name":"Sunny. SMA Corporate Blog","article_publisher":"https:\/\/facebook.com\/SMASolarTechnology","article_modified_time":"2023-06-14T09:57:52+00:00","twitter_card":"summary_large_image","twitter_site":"@SMAsolar","twitter_misc":{"Tiempo de lectura":"2 minutos"},"schema":{"@context":"https:\/\/schema.org","@graph":[{"@type":"WebPage","@id":"https:\/\/www.sma-sunny.com\/es\/acerca-de-este-blog\/","url":"https:\/\/www.sma-sunny.com\/es\/acerca-de-este-blog\/","name":"Acerca de este blog - Sunny. SMA Corporate Blog","isPartOf":{"@id":"https:\/\/www.sma-sunny.com\/es\/#website"},"datePublished":"2018-02-13T13:53:26+00:00","dateModified":"2023-06-14T09:57:52+00:00","breadcrumb":{"@id":"https:\/\/www.sma-sunny.com\/es\/acerca-de-este-blog\/#breadcrumb"},"inLanguage":"es","potentialAction":[{"@type":"ReadAction","target":["https:\/\/www.sma-sunny.com\/es\/acerca-de-este-blog\/"]}]},{"@type":"BreadcrumbList","@id":"https:\/\/www.sma-sunny.com\/es\/acerca-de-este-blog\/#breadcrumb","itemListElement":[{"@type":"ListItem","position":1,"name":"Startseite","item":"https:\/\/www.sma-sunny.com\/es\/"},{"@type":"ListItem","position":2,"name":"Acerca de este blog"}]},{"@type":"WebSite","@id":"https:\/\/www.sma-sunny.com\/es\/#website","url":"https:\/\/www.sma-sunny.com\/es\/","name":"Sunny. SMA Corporate Blog","description":"","potentialAction":[{"@type":"SearchAction","target":{"@type":"EntryPoint","urlTemplate":"https:\/\/www.sma-sunny.com\/es\/?s={search_term_string}"},"query-input":{"@type":"PropertyValueSpecification","valueRequired":true,"valueName":"search_term_string"}}],"inLanguage":"es"}]}},"_links":{"self":[{"href":"https:\/\/www.sma-sunny.com\/es\/wp-json\/wp\/v2\/pages\/51289","targetHints":{"allow":["GET"]}}],"collection":[{"href":"https:\/\/www.sma-sunny.com\/es\/wp-json\/wp\/v2\/pages"}],"about":[{"href":"https:\/\/www.sma-sunny.com\/es\/wp-json\/wp\/v2\/types\/page"}],"author":[{"embeddable":true,"href":"https:\/\/www.sma-sunny.com\/es\/wp-json\/wp\/v2\/users\/56"}],"replies":[{"embeddable":true,"href":"https:\/\/www.sma-sunny.com\/es\/wp-json\/wp\/v2\/comments?post=51289"}],"version-history":[{"count":0,"href":"https:\/\/www.sma-sunny.com\/es\/wp-json\/wp\/v2\/pages\/51289\/revisions"}],"wp:attachment":[{"href":"https:\/\/www.sma-sunny.com\/es\/wp-json\/wp\/v2\/media?parent=51289"}],"curies":[{"name":"wp","href":"https:\/\/api.w.org\/{rel}","templated":true}]}}