{"id":51215,"date":"2018-02-13T11:19:12","date_gmt":"2018-02-13T10:19:12","guid":{"rendered":"http:\/\/relaunch.sma-sunny.com\/publication-information\/"},"modified":"2025-09-05T16:23:16","modified_gmt":"2025-09-05T14:23:16","slug":"aviso-legal","status":"publish","type":"page","link":"https:\/\/www.sma-sunny.com\/es\/aviso-legal\/","title":{"rendered":"Aviso legal"},"content":{"rendered":"<p><strong><span data-mce-type=\"bookmark\" style=\"display: inline-block; width: 0px; overflow: hidden; line-height: 0;\" class=\"mce_SELRES_start\">\ufeff<\/span>SMA Solar Technology AG<\/strong><br \/>\nSonnenallee 1<br \/>\n34266 Niestetal<br \/>\nAlemania<\/p>\n<p>Tel.: +49 561 95 22-0<\/p>\n<p><strong><a href=\"mailto:info@SMA.de\">info@SMA.de<\/a><\/strong><br \/>\n<strong><a href=\"https:\/\/www.sma.de\/\" target=\"_blank\" rel=\"noopener noreferrer\" data-htmlarea-external=\"1\">www.SMA.de<\/a><\/strong><\/p>\n<p><strong>Junta directiva:<\/strong><br \/>\nDr. Ing. J\u00fcrgen Reinert (portavoz de la junta directiva)<br \/>\nOlaf Heyden<br \/>\nDr. Kaveh Rouhi<\/p>\n<p><strong>Consejo de supervisi\u00f3n<\/strong><\/p>\n<p><strong>Representantes de los accionistas:<\/strong><br \/>\nConstanze Hufenbecher<br \/>\nUwe Kleinkauf (vicepresidente)<br \/>\nDr. Ralph L\u00e4ssig (presidente)<br \/>\nIlonka Nussbaumer<br \/>\nDr. Frank Possel-D\u00f6lken<br \/>\nJan-Henrik Supady<\/p>\n<p><strong>Representantes de los trabajadores:<\/strong><br \/>\nMartin Breul<br \/>\nOliver Dietzel<br \/>\nRomy Siegert<br \/>\nLidia Thelemann<br \/>\nDr. Matthias Victor<br \/>\nJ\u00f6rg Wienand<\/p>\n<p><strong>Juzgado del registro:<\/strong><br \/>\nTribunal de Primera Instancia de Kassel<br \/>\nN\u00famero de registro: HRB 3972<br \/>\nN\u00famero de identificaci\u00f3n a efectos del IVA conforme al art\u00edculo 27 a de la ley alemana sobre el impuesto sobre el valor a\u00f1adido: DE 113 085 954<br \/>\nN.\u00ba de reg. WEEE DE 95881150<\/p>\n<p>La totalidad de la informaci\u00f3n contenida en las p\u00e1ginas web de SMA est\u00e1 protegida por derechos de autor. Se proh\u00edbe la copia, edici\u00f3n, modificaci\u00f3n de esta informaci\u00f3n y su transferencia con fines comerciales, salvo permiso expreso por escrito de SMA. Esta informaci\u00f3n se brinda solo a t\u00edtulo informativo y no contiene ning\u00fan tipo de garant\u00eda ni aseveraci\u00f3n vinculante, y podr\u00e1 modificarse en cualquier momento, tanto en lo que respecta al aspecto t\u00e9cnico como comercial y de precios. Las manifestaciones solo ser\u00e1n vinculantes cuando medie una solicitud de oferta concreta. Por el car\u00e1cter no vinculante de la informaci\u00f3n, se excluye cualquier responsabilidad por la precisi\u00f3n de la misma.<\/p>\n<p><strong>Aviso de responsabilidad<\/strong><br \/>\nEn las p\u00e1ginas web de SMA encontrar\u00e1 v\u00ednculos (links) a otras p\u00e1ginas web que en parte no administra SMA, sino terceros. Estos v\u00ednculos solamente se proporcionan con fines ilustrativos. SMA no se responsabiliza en modo alguno del contenido de estas p\u00e1ginas web. Al igual que nuestras p\u00e1ginas web, las p\u00e1ginas web de terceros pueden estar protegidas por derechos de autor. El uso que haga de las p\u00e1ginas web de SMA se realiza bajo su propia y exclusiva responsabilidad. Queda excluida toda responsabilidad por parte de SMA Solar Technology AG por los da\u00f1os ocasionados en relaci\u00f3n con la utilizaci\u00f3n de las p\u00e1ginas web, en especial por interrupci\u00f3n del funcionamiento, p\u00e9rdida de beneficios, p\u00e9rdida de datos e informaci\u00f3n o da\u00f1os indirectos, a menos que deba responsabilizarse forzosamente de los mismos seg\u00fan la legislaci\u00f3n relativa a productos defectuosos o en caso de dolo, negligencia grave o falta de caracter\u00edsticas garantizadas, o si se ha infringido alguna obligaci\u00f3n contractual esencial. No obstante, se limita la indemnizaci\u00f3n que resulte por infringir alguna obligaci\u00f3n contractual esencial al da\u00f1o previsible seg\u00fan el tipo de contrato, siempre que no se haya actuado con dolo o negligencia grave.<\/p>\n<p><strong>\u00c1mbito de aplicaci\u00f3n:<\/strong><br \/>\nEste aviso legal, adem\u00e1s de para <a href=\"http:\/\/www.sma.de\" target=\"_blank\" rel=\"noopener noreferrer\" data-htmlarea-external=\"1\">www.sma.de<\/a>, tambi\u00e9n se aplica para nuestra p\u00e1gina de Facebook <a href=\"https:\/\/www.facebook.com\/SMASolarTechnology\" target=\"_blank\" rel=\"noopener noreferrer\" data-htmlarea-external=\"1\">SMA Solar Technology<\/a>, nuestro <a href=\"http:\/\/www.youtube.com\/user\/smasolartechnology\" target=\"_blank\" rel=\"noopener noreferrer\" data-htmlarea-external=\"1\">canal de YouTube<\/a>, nuestra <a href=\"http:\/\/www.xing.com\/companies\/smasolartechnologyag\" target=\"_blank\" rel=\"noopener noreferrer\" data-htmlarea-external=\"1\">presencia en XING<\/a> y nuestro <a href=\"http:\/\/www.kununu.com\/de\/all\/de\/ew\/sma-solar-technology\" target=\"_blank\" rel=\"noopener noreferrer\" data-htmlarea-external=\"1\">perfil de kununu<\/a>.<\/p>\n<p><strong>Fotos:<\/strong><br \/>\nphotocase.de<\/p>\n","protected":false},"excerpt":{"rendered":"<p>\ufeffSMA Solar Technology AG Sonnenallee 1 34266 Niestetal Alemania Tel.: +49 561 95 22-0 info@SMA.de www.SMA.de Junta directiva: Dr. Ing&#8230;.<\/p>\n","protected":false},"author":56,"featured_media":0,"parent":0,"menu_order":0,"comment_status":"open","ping_status":"open","template":"","meta":{"_acf_changed":false,"footnotes":""},"class_list":["post-51215","page","type-page","status-publish","hentry"],"acf":[],"yoast_head":"<!-- This site is optimized with the Yoast SEO plugin v23.9 - https:\/\/yoast.com\/wordpress\/plugins\/seo\/ -->\n<title>Aviso legal - Sunny. SMA Corporate Blog<\/title>\n<meta name=\"robots\" content=\"index, follow, max-snippet:-1, max-image-preview:large, max-video-preview:-1\" \/>\n<link rel=\"canonical\" href=\"https:\/\/www.sma-sunny.com\/es\/aviso-legal\/\" \/>\n<meta property=\"og:locale\" content=\"es_ES\" \/>\n<meta property=\"og:type\" content=\"article\" \/>\n<meta property=\"og:title\" content=\"Aviso legal - Sunny. SMA Corporate Blog\" \/>\n<meta property=\"og:description\" content=\"\ufeffSMA Solar Technology AG Sonnenallee 1 34266 Niestetal Alemania Tel.: +49 561 95 22-0 info@SMA.de www.SMA.de Junta directiva: Dr. Ing....\" \/>\n<meta property=\"og:url\" content=\"https:\/\/www.sma-sunny.com\/es\/aviso-legal\/\" \/>\n<meta property=\"og:site_name\" content=\"Sunny. SMA Corporate Blog\" \/>\n<meta property=\"article:publisher\" content=\"https:\/\/facebook.com\/SMASolarTechnology\" \/>\n<meta property=\"article:modified_time\" content=\"2025-09-05T14:23:16+00:00\" \/>\n<meta name=\"twitter:card\" content=\"summary_large_image\" \/>\n<meta name=\"twitter:site\" content=\"@SMAsolar\" \/>\n<meta name=\"twitter:label1\" content=\"Tiempo de lectura\" \/>\n\t<meta name=\"twitter:data1\" content=\"3 minutos\" \/>\n<script type=\"application\/ld+json\" class=\"yoast-schema-graph\">{\"@context\":\"https:\/\/schema.org\",\"@graph\":[{\"@type\":\"WebPage\",\"@id\":\"https:\/\/www.sma-sunny.com\/es\/aviso-legal\/\",\"url\":\"https:\/\/www.sma-sunny.com\/es\/aviso-legal\/\",\"name\":\"Aviso legal - Sunny. SMA Corporate Blog\",\"isPartOf\":{\"@id\":\"https:\/\/www.sma-sunny.com\/es\/#website\"},\"datePublished\":\"2018-02-13T10:19:12+00:00\",\"dateModified\":\"2025-09-05T14:23:16+00:00\",\"breadcrumb\":{\"@id\":\"https:\/\/www.sma-sunny.com\/es\/aviso-legal\/#breadcrumb\"},\"inLanguage\":\"es\",\"potentialAction\":[{\"@type\":\"ReadAction\",\"target\":[\"https:\/\/www.sma-sunny.com\/es\/aviso-legal\/\"]}]},{\"@type\":\"BreadcrumbList\",\"@id\":\"https:\/\/www.sma-sunny.com\/es\/aviso-legal\/#breadcrumb\",\"itemListElement\":[{\"@type\":\"ListItem\",\"position\":1,\"name\":\"Startseite\",\"item\":\"https:\/\/www.sma-sunny.com\/es\/\"},{\"@type\":\"ListItem\",\"position\":2,\"name\":\"Aviso legal\"}]},{\"@type\":\"WebSite\",\"@id\":\"https:\/\/www.sma-sunny.com\/es\/#website\",\"url\":\"https:\/\/www.sma-sunny.com\/es\/\",\"name\":\"Sunny. SMA Corporate Blog\",\"description\":\"\",\"potentialAction\":[{\"@type\":\"SearchAction\",\"target\":{\"@type\":\"EntryPoint\",\"urlTemplate\":\"https:\/\/www.sma-sunny.com\/es\/?s={search_term_string}\"},\"query-input\":{\"@type\":\"PropertyValueSpecification\",\"valueRequired\":true,\"valueName\":\"search_term_string\"}}],\"inLanguage\":\"es\"}]}<\/script>\n<!-- \/ Yoast SEO plugin. -->","yoast_head_json":{"title":"Aviso legal - Sunny. SMA Corporate Blog","robots":{"index":"index","follow":"follow","max-snippet":"max-snippet:-1","max-image-preview":"max-image-preview:large","max-video-preview":"max-video-preview:-1"},"canonical":"https:\/\/www.sma-sunny.com\/es\/aviso-legal\/","og_locale":"es_ES","og_type":"article","og_title":"Aviso legal - Sunny. SMA Corporate Blog","og_description":"\ufeffSMA Solar Technology AG Sonnenallee 1 34266 Niestetal Alemania Tel.: +49 561 95 22-0 info@SMA.de www.SMA.de Junta directiva: Dr. Ing....","og_url":"https:\/\/www.sma-sunny.com\/es\/aviso-legal\/","og_site_name":"Sunny. SMA Corporate Blog","article_publisher":"https:\/\/facebook.com\/SMASolarTechnology","article_modified_time":"2025-09-05T14:23:16+00:00","twitter_card":"summary_large_image","twitter_site":"@SMAsolar","twitter_misc":{"Tiempo de lectura":"3 minutos"},"schema":{"@context":"https:\/\/schema.org","@graph":[{"@type":"WebPage","@id":"https:\/\/www.sma-sunny.com\/es\/aviso-legal\/","url":"https:\/\/www.sma-sunny.com\/es\/aviso-legal\/","name":"Aviso legal - Sunny. SMA Corporate Blog","isPartOf":{"@id":"https:\/\/www.sma-sunny.com\/es\/#website"},"datePublished":"2018-02-13T10:19:12+00:00","dateModified":"2025-09-05T14:23:16+00:00","breadcrumb":{"@id":"https:\/\/www.sma-sunny.com\/es\/aviso-legal\/#breadcrumb"},"inLanguage":"es","potentialAction":[{"@type":"ReadAction","target":["https:\/\/www.sma-sunny.com\/es\/aviso-legal\/"]}]},{"@type":"BreadcrumbList","@id":"https:\/\/www.sma-sunny.com\/es\/aviso-legal\/#breadcrumb","itemListElement":[{"@type":"ListItem","position":1,"name":"Startseite","item":"https:\/\/www.sma-sunny.com\/es\/"},{"@type":"ListItem","position":2,"name":"Aviso legal"}]},{"@type":"WebSite","@id":"https:\/\/www.sma-sunny.com\/es\/#website","url":"https:\/\/www.sma-sunny.com\/es\/","name":"Sunny. SMA Corporate Blog","description":"","potentialAction":[{"@type":"SearchAction","target":{"@type":"EntryPoint","urlTemplate":"https:\/\/www.sma-sunny.com\/es\/?s={search_term_string}"},"query-input":{"@type":"PropertyValueSpecification","valueRequired":true,"valueName":"search_term_string"}}],"inLanguage":"es"}]}},"_links":{"self":[{"href":"https:\/\/www.sma-sunny.com\/es\/wp-json\/wp\/v2\/pages\/51215","targetHints":{"allow":["GET"]}}],"collection":[{"href":"https:\/\/www.sma-sunny.com\/es\/wp-json\/wp\/v2\/pages"}],"about":[{"href":"https:\/\/www.sma-sunny.com\/es\/wp-json\/wp\/v2\/types\/page"}],"author":[{"embeddable":true,"href":"https:\/\/www.sma-sunny.com\/es\/wp-json\/wp\/v2\/users\/56"}],"replies":[{"embeddable":true,"href":"https:\/\/www.sma-sunny.com\/es\/wp-json\/wp\/v2\/comments?post=51215"}],"version-history":[{"count":0,"href":"https:\/\/www.sma-sunny.com\/es\/wp-json\/wp\/v2\/pages\/51215\/revisions"}],"wp:attachment":[{"href":"https:\/\/www.sma-sunny.com\/es\/wp-json\/wp\/v2\/media?parent=51215"}],"curies":[{"name":"wp","href":"https:\/\/api.w.org\/{rel}","templated":true}]}}